{"id":1409,"date":"2022-12-13T11:55:54","date_gmt":"2022-12-13T11:55:54","guid":{"rendered":"https:\/\/aduanerasleon.agenciaseo.me\/enlaces\/"},"modified":"2023-02-08T17:25:08","modified_gmt":"2023-02-08T17:25:08","slug":"liens","status":"publish","type":"page","link":"https:\/\/www.aduanerasleon.com\/fr\/liens\/","title":{"rendered":"Liens"},"content":{"rendered":"\t\t<div data-elementor-type=\"wp-page\" data-elementor-id=\"1409\" class=\"elementor elementor-1409 elementor-766\">\n\t\t\t\t\t\t<div class=\"elementor-inner\">\n\t\t\t\t<div class=\"elementor-section-wrap\">\n\t\t\t\t\t\t\t\t\t<section class=\"elementor-section elementor-top-section elementor-element elementor-element-505d743c elementor-section-boxed elementor-section-height-default elementor-section-height-default\" data-id=\"505d743c\" data-element_type=\"section\" data-settings=\"{&quot;background_background&quot;:&quot;classic&quot;,&quot;_ha_eqh_enable&quot;:false}\">\n\t\t\t\t\t\t<div class=\"elementor-container elementor-column-gap-default\">\n\t\t\t\t\t\t\t<div class=\"elementor-row\">\n\t\t\t\t\t<div class=\"aux-parallax-section elementor-column elementor-col-100 elementor-top-column elementor-element elementor-element-3854736d\" data-id=\"3854736d\" data-element_type=\"column\">\n\t\t\t<div class=\"elementor-column-wrap elementor-element-populated\">\n\t\t\t\t\t\t\t<div class=\"elementor-widget-wrap\">\n\t\t\t\t\t\t<div class=\"elementor-element elementor-element-7d264b30 aux-appear-watch-animation aux-fade-in elementor-widget elementor-widget-aux_modern_heading\" data-id=\"7d264b30\" data-element_type=\"widget\" data-widget_type=\"aux_modern_heading.default\">\n\t\t\t\t<div class=\"elementor-widget-container\">\n\t\t\t<section class=\"aux-widget-modern-heading\">\n            <div class=\"aux-widget-inner\"><h2 class=\"aux-modern-heading-primary\">ENLACES DE INTER\u00c9S<\/h2><\/div>\n        <\/section>\t\t<\/div>\n\t\t\t\t<\/div>\n\t\t\t\t\t\t<\/div>\n\t\t\t\t\t<\/div>\n\t\t<\/div>\n\t\t\t\t\t\t\t\t<\/div>\n\t\t\t\t\t<\/div>\n\t\t<\/section>\n\t\t\t\t<section class=\"elementor-section elementor-top-section elementor-element elementor-element-78b927c elementor-section-boxed elementor-section-height-default elementor-section-height-default\" data-id=\"78b927c\" data-element_type=\"section\" data-settings=\"{&quot;_ha_eqh_enable&quot;:false}\">\n\t\t\t\t\t\t<div class=\"elementor-container elementor-column-gap-default\">\n\t\t\t\t\t\t\t<div class=\"elementor-row\">\n\t\t\t\t\t<div class=\"aux-parallax-section elementor-column elementor-col-25 elementor-top-column elementor-element elementor-element-083e082\" data-id=\"083e082\" data-element_type=\"column\">\n\t\t\t<div class=\"elementor-column-wrap elementor-element-populated\">\n\t\t\t\t\t\t\t<div class=\"elementor-widget-wrap\">\n\t\t\t\t\t\t<div class=\"elementor-element elementor-element-96d1a01 elementor-widget elementor-widget-ha-icon-box happy-addon ha-icon-box\" data-id=\"96d1a01\" data-element_type=\"widget\" data-widget_type=\"ha-icon-box.default\">\n\t\t\t\t<a class=\"elementor-widget-container ha-icon-box-link\" href=\"http:\/\/www.agenciatributaria.es\/\">\n\t\t\t\n\t\t\n\t\t\t\t\t\t<span class=\"ha-icon-box-icon\">\n\t\t\t\t\t<i aria-hidden=\"true\" class=\"auxicon auxicon-file\"><\/i>\t\t\t\t<\/span>\n\t\t<h2 class=\"ha-icon-box-title\"> Bureau des Imp\u00f4ts<\/h2>\t\t<\/a>\n\t\t\t\t<\/div>\n\t\t\t\t\t\t<\/div>\n\t\t\t\t\t<\/div>\n\t\t<\/div>\n\t\t\t\t<div class=\"aux-parallax-section elementor-column elementor-col-25 elementor-top-column elementor-element elementor-element-da7bcb5\" data-id=\"da7bcb5\" data-element_type=\"column\">\n\t\t\t<div class=\"elementor-column-wrap elementor-element-populated\">\n\t\t\t\t\t\t\t<div class=\"elementor-widget-wrap\">\n\t\t\t\t\t\t<div class=\"elementor-element elementor-element-69e082a elementor-widget elementor-widget-ha-icon-box happy-addon ha-icon-box\" data-id=\"69e082a\" data-element_type=\"widget\" data-widget_type=\"ha-icon-box.default\">\n\t\t\t\t<a class=\"elementor-widget-container ha-icon-box-link\" href=\"http:\/\/www.men-car.com\/\">\n\t\t\t\n\t\t\n\t\t\t\t\t\t<span class=\"ha-icon-box-icon\">\n\t\t\t\t\t<i aria-hidden=\"true\" class=\"auxicon auxicon-file\"><\/i>\t\t\t\t<\/span>\n\t\t<h2 class=\"ha-icon-box-title\"> Journal maritime<\/h2>\t\t<\/a>\n\t\t\t\t<\/div>\n\t\t\t\t\t\t<\/div>\n\t\t\t\t\t<\/div>\n\t\t<\/div>\n\t\t\t\t<div class=\"aux-parallax-section elementor-column elementor-col-25 elementor-top-column elementor-element elementor-element-b9b1303\" data-id=\"b9b1303\" data-element_type=\"column\">\n\t\t\t<div class=\"elementor-column-wrap elementor-element-populated\">\n\t\t\t\t\t\t\t<div class=\"elementor-widget-wrap\">\n\t\t\t\t\t\t<div class=\"elementor-element elementor-element-ecc2793 elementor-widget elementor-widget-ha-icon-box happy-addon ha-icon-box\" data-id=\"ecc2793\" data-element_type=\"widget\" data-widget_type=\"ha-icon-box.default\">\n\t\t\t\t<a class=\"elementor-widget-container ha-icon-box-link\" href=\"http:\/\/trade.ec.europa.eu\/tradehelp\/\">\n\t\t\t\n\t\t\n\t\t\t\t\t\t<span class=\"ha-icon-box-icon\">\n\t\t\t\t\t<i aria-hidden=\"true\" class=\"auxicon auxicon-file\"><\/i>\t\t\t\t<\/span>\n\t\t<h2 class=\"ha-icon-box-title\">Trade Helpdesk<\/h2>\t\t<\/a>\n\t\t\t\t<\/div>\n\t\t\t\t\t\t<\/div>\n\t\t\t\t\t<\/div>\n\t\t<\/div>\n\t\t\t\t<div class=\"aux-parallax-section elementor-column elementor-col-25 elementor-top-column elementor-element elementor-element-8137694\" data-id=\"8137694\" data-element_type=\"column\">\n\t\t\t<div class=\"elementor-column-wrap elementor-element-populated\">\n\t\t\t\t\t\t\t<div class=\"elementor-widget-wrap\">\n\t\t\t\t\t\t<div class=\"elementor-element elementor-element-d5926f3 elementor-widget elementor-widget-ha-icon-box happy-addon ha-icon-box\" data-id=\"d5926f3\" data-element_type=\"widget\" data-widget_type=\"ha-icon-box.default\">\n\t\t\t\t<a class=\"elementor-widget-container ha-icon-box-link\" href=\"http:\/\/www.apba.es\/\">\n\t\t\t\n\t\t\n\t\t\t\t\t\t<span class=\"ha-icon-box-icon\">\n\t\t\t\t\t<i aria-hidden=\"true\" class=\"auxicon auxicon-file\"><\/i>\t\t\t\t<\/span>\n\t\t<h2 class=\"ha-icon-box-title\">Port d\u2019Alg\u00e9siras<\/h2>\t\t<\/a>\n\t\t\t\t<\/div>\n\t\t\t\t\t\t<\/div>\n\t\t\t\t\t<\/div>\n\t\t<\/div>\n\t\t\t\t\t\t\t\t<\/div>\n\t\t\t\t\t<\/div>\n\t\t<\/section>\n\t\t\t\t<section class=\"elementor-section elementor-top-section elementor-element elementor-element-96f87e6 elementor-section-boxed elementor-section-height-default elementor-section-height-default\" data-id=\"96f87e6\" data-element_type=\"section\" data-settings=\"{&quot;_ha_eqh_enable&quot;:false}\">\n\t\t\t\t\t\t<div class=\"elementor-container elementor-column-gap-default\">\n\t\t\t\t\t\t\t<div class=\"elementor-row\">\n\t\t\t\t\t<div class=\"aux-parallax-section elementor-column elementor-col-25 elementor-top-column elementor-element elementor-element-fd6c8e0\" data-id=\"fd6c8e0\" data-element_type=\"column\">\n\t\t\t<div class=\"elementor-column-wrap elementor-element-populated\">\n\t\t\t\t\t\t\t<div class=\"elementor-widget-wrap\">\n\t\t\t\t\t\t<div class=\"elementor-element elementor-element-7f904fe elementor-widget elementor-widget-ha-icon-box happy-addon ha-icon-box\" data-id=\"7f904fe\" data-element_type=\"widget\" data-widget_type=\"ha-icon-box.default\">\n\t\t\t\t<a class=\"elementor-widget-container ha-icon-box-link\" href=\"https:\/\/eur-lex.europa.eu\/legal-content\/ES\/TXT\/?uri=LEGISSUM:do0001\">\n\t\t\t\n\t\t\n\t\t\t\t\t\t<span class=\"ha-icon-box-icon\">\n\t\t\t\t\t<i aria-hidden=\"true\" class=\"auxicon auxicon-file\"><\/i>\t\t\t\t<\/span>\n\t\t<h2 class=\"ha-icon-box-title\"> Code des douanes communautaire modernis\u00e9<\/h2>\t\t<\/a>\n\t\t\t\t<\/div>\n\t\t\t\t\t\t<\/div>\n\t\t\t\t\t<\/div>\n\t\t<\/div>\n\t\t\t\t<div class=\"aux-parallax-section elementor-column elementor-col-25 elementor-top-column elementor-element elementor-element-561d622\" data-id=\"561d622\" data-element_type=\"column\">\n\t\t\t<div class=\"elementor-column-wrap\">\n\t\t\t\t\t\t\t<div class=\"elementor-widget-wrap\">\n\t\t\t\t\t\t\t\t<\/div>\n\t\t\t\t\t<\/div>\n\t\t<\/div>\n\t\t\t\t<div class=\"aux-parallax-section elementor-column elementor-col-25 elementor-top-column elementor-element elementor-element-d1a45bb\" data-id=\"d1a45bb\" data-element_type=\"column\">\n\t\t\t<div class=\"elementor-column-wrap\">\n\t\t\t\t\t\t\t<div class=\"elementor-widget-wrap\">\n\t\t\t\t\t\t\t\t<\/div>\n\t\t\t\t\t<\/div>\n\t\t<\/div>\n\t\t\t\t<div class=\"aux-parallax-section elementor-column elementor-col-25 elementor-top-column elementor-element elementor-element-38d637f\" data-id=\"38d637f\" data-element_type=\"column\">\n\t\t\t<div class=\"elementor-column-wrap\">\n\t\t\t\t\t\t\t<div class=\"elementor-widget-wrap\">\n\t\t\t\t\t\t\t\t<\/div>\n\t\t\t\t\t<\/div>\n\t\t<\/div>\n\t\t\t\t\t\t\t\t<\/div>\n\t\t\t\t\t<\/div>\n\t\t<\/section>\n\t\t\t\t\t\t\t\t\t<\/div>\n\t\t\t<\/div>\n\t\t\t\t\t<\/div>\n\t\t","protected":false},"excerpt":{"rendered":"<p>ENLACES DE INTER\u00c9S Bureau des Imp\u00f4ts Journal maritime Trade Helpdesk Port d\u2019Alg\u00e9siras Code des douanes communautaire modernis\u00e9<\/p>\n","protected":false},"author":1,"featured_media":0,"parent":0,"menu_order":0,"comment_status":"closed","ping_status":"closed","template":"","meta":[],"yoast_head":"<!-- This site is optimized with the Yoast SEO plugin v20.0 - https:\/\/yoast.com\/wordpress\/plugins\/seo\/ -->\n<title>Liens d&#039;int\u00e9r\u00eat - Declaraciones Aduaneras Leon<\/title>\n<meta name=\"description\" content=\"Enlaces de inter\u00e9s donde podr\u00e1s encontrar p\u00e1ginas como la Agencia Tributaria, la p\u00e1gina del Puerto de Algeciras entre otras\" \/>\n<meta name=\"robots\" content=\"index, follow, max-snippet:-1, max-image-preview:large, max-video-preview:-1\" \/>\n<link rel=\"canonical\" href=\"https:\/\/www.aduanerasleon.com\/fr\/liens\/\" \/>\n<meta property=\"og:locale\" content=\"fr_FR\" \/>\n<meta property=\"og:type\" content=\"article\" \/>\n<meta property=\"og:title\" content=\"Liens d&#039;int\u00e9r\u00eat - Declaraciones Aduaneras Leon\" \/>\n<meta property=\"og:description\" content=\"Enlaces de inter\u00e9s donde podr\u00e1s encontrar p\u00e1ginas como la Agencia Tributaria, la p\u00e1gina del Puerto de Algeciras entre otras\" \/>\n<meta property=\"og:url\" content=\"https:\/\/www.aduanerasleon.com\/fr\/liens\/\" \/>\n<meta property=\"og:site_name\" content=\"Declaraciones Aduaneras Leon\" \/>\n<meta property=\"article:modified_time\" content=\"2023-02-08T17:25:08+00:00\" \/>\n<meta name=\"twitter:card\" content=\"summary_large_image\" \/>\n<meta name=\"twitter:label1\" content=\"Dur\u00e9e de lecture estim\u00e9e\" \/>\n\t<meta name=\"twitter:data1\" content=\"1 minute\" \/>\n<script type=\"application\/ld+json\" class=\"yoast-schema-graph\">{\"@context\":\"https:\/\/schema.org\",\"@graph\":[{\"@type\":\"WebPage\",\"@id\":\"https:\/\/www.aduanerasleon.com\/fr\/liens\/\",\"url\":\"https:\/\/www.aduanerasleon.com\/fr\/liens\/\",\"name\":\"Liens d'int\u00e9r\u00eat - Declaraciones Aduaneras Leon\",\"isPartOf\":{\"@id\":\"https:\/\/www.aduanerasleon.com\/fr\/#website\"},\"datePublished\":\"2022-12-13T11:55:54+00:00\",\"dateModified\":\"2023-02-08T17:25:08+00:00\",\"description\":\"Enlaces de inter\u00e9s donde podr\u00e1s encontrar p\u00e1ginas como la Agencia Tributaria, la p\u00e1gina del Puerto de Algeciras entre otras\",\"breadcrumb\":{\"@id\":\"https:\/\/www.aduanerasleon.com\/fr\/liens\/#breadcrumb\"},\"inLanguage\":\"fr-FR\",\"potentialAction\":[{\"@type\":\"ReadAction\",\"target\":[\"https:\/\/www.aduanerasleon.com\/fr\/liens\/\"]}]},{\"@type\":\"BreadcrumbList\",\"@id\":\"https:\/\/www.aduanerasleon.com\/fr\/liens\/#breadcrumb\",\"itemListElement\":[{\"@type\":\"ListItem\",\"position\":1,\"name\":\"Portada\",\"item\":\"https:\/\/www.aduanerasleon.com\/fr\/\"},{\"@type\":\"ListItem\",\"position\":2,\"name\":\"Liens\"}]},{\"@type\":\"WebSite\",\"@id\":\"https:\/\/www.aduanerasleon.com\/fr\/#website\",\"url\":\"https:\/\/www.aduanerasleon.com\/fr\/\",\"name\":\"Declaraciones Aduaneras Leon\",\"description\":\"Aduanas y Transportes\",\"publisher\":{\"@id\":\"https:\/\/www.aduanerasleon.com\/fr\/#organization\"},\"potentialAction\":[{\"@type\":\"SearchAction\",\"target\":{\"@type\":\"EntryPoint\",\"urlTemplate\":\"https:\/\/www.aduanerasleon.com\/fr\/?s={search_term_string}\"},\"query-input\":\"required name=search_term_string\"}],\"inLanguage\":\"fr-FR\"},{\"@type\":\"Organization\",\"@id\":\"https:\/\/www.aduanerasleon.com\/fr\/#organization\",\"name\":\"Declaraciones Aduaneras Leon\",\"url\":\"https:\/\/www.aduanerasleon.com\/fr\/\",\"logo\":{\"@type\":\"ImageObject\",\"inLanguage\":\"fr-FR\",\"@id\":\"https:\/\/www.aduanerasleon.com\/fr\/#\/schema\/logo\/image\/\",\"url\":\"https:\/\/www.aduanerasleon.com\/wp-content\/uploads\/2022\/11\/cropped-Logo-Aduaneras-Leon.png\",\"contentUrl\":\"https:\/\/www.aduanerasleon.com\/wp-content\/uploads\/2022\/11\/cropped-Logo-Aduaneras-Leon.png\",\"width\":300,\"height\":140,\"caption\":\"Declaraciones Aduaneras Leon\"},\"image\":{\"@id\":\"https:\/\/www.aduanerasleon.com\/fr\/#\/schema\/logo\/image\/\"}}]}<\/script>\n<!-- \/ Yoast SEO plugin. -->","yoast_head_json":{"title":"Liens d'int\u00e9r\u00eat - Declaraciones Aduaneras Leon","description":"Enlaces de inter\u00e9s donde podr\u00e1s encontrar p\u00e1ginas como la Agencia Tributaria, la p\u00e1gina del Puerto de Algeciras entre otras","robots":{"index":"index","follow":"follow","max-snippet":"max-snippet:-1","max-image-preview":"max-image-preview:large","max-video-preview":"max-video-preview:-1"},"canonical":"https:\/\/www.aduanerasleon.com\/fr\/liens\/","og_locale":"fr_FR","og_type":"article","og_title":"Liens d'int\u00e9r\u00eat - Declaraciones Aduaneras Leon","og_description":"Enlaces de inter\u00e9s donde podr\u00e1s encontrar p\u00e1ginas como la Agencia Tributaria, la p\u00e1gina del Puerto de Algeciras entre otras","og_url":"https:\/\/www.aduanerasleon.com\/fr\/liens\/","og_site_name":"Declaraciones Aduaneras Leon","article_modified_time":"2023-02-08T17:25:08+00:00","twitter_card":"summary_large_image","twitter_misc":{"Dur\u00e9e de lecture estim\u00e9e":"1 minute"},"schema":{"@context":"https:\/\/schema.org","@graph":[{"@type":"WebPage","@id":"https:\/\/www.aduanerasleon.com\/fr\/liens\/","url":"https:\/\/www.aduanerasleon.com\/fr\/liens\/","name":"Liens d'int\u00e9r\u00eat - Declaraciones Aduaneras Leon","isPartOf":{"@id":"https:\/\/www.aduanerasleon.com\/fr\/#website"},"datePublished":"2022-12-13T11:55:54+00:00","dateModified":"2023-02-08T17:25:08+00:00","description":"Enlaces de inter\u00e9s donde podr\u00e1s encontrar p\u00e1ginas como la Agencia Tributaria, la p\u00e1gina del Puerto de Algeciras entre otras","breadcrumb":{"@id":"https:\/\/www.aduanerasleon.com\/fr\/liens\/#breadcrumb"},"inLanguage":"fr-FR","potentialAction":[{"@type":"ReadAction","target":["https:\/\/www.aduanerasleon.com\/fr\/liens\/"]}]},{"@type":"BreadcrumbList","@id":"https:\/\/www.aduanerasleon.com\/fr\/liens\/#breadcrumb","itemListElement":[{"@type":"ListItem","position":1,"name":"Portada","item":"https:\/\/www.aduanerasleon.com\/fr\/"},{"@type":"ListItem","position":2,"name":"Liens"}]},{"@type":"WebSite","@id":"https:\/\/www.aduanerasleon.com\/fr\/#website","url":"https:\/\/www.aduanerasleon.com\/fr\/","name":"Declaraciones Aduaneras Leon","description":"Aduanas y Transportes","publisher":{"@id":"https:\/\/www.aduanerasleon.com\/fr\/#organization"},"potentialAction":[{"@type":"SearchAction","target":{"@type":"EntryPoint","urlTemplate":"https:\/\/www.aduanerasleon.com\/fr\/?s={search_term_string}"},"query-input":"required name=search_term_string"}],"inLanguage":"fr-FR"},{"@type":"Organization","@id":"https:\/\/www.aduanerasleon.com\/fr\/#organization","name":"Declaraciones Aduaneras Leon","url":"https:\/\/www.aduanerasleon.com\/fr\/","logo":{"@type":"ImageObject","inLanguage":"fr-FR","@id":"https:\/\/www.aduanerasleon.com\/fr\/#\/schema\/logo\/image\/","url":"https:\/\/www.aduanerasleon.com\/wp-content\/uploads\/2022\/11\/cropped-Logo-Aduaneras-Leon.png","contentUrl":"https:\/\/www.aduanerasleon.com\/wp-content\/uploads\/2022\/11\/cropped-Logo-Aduaneras-Leon.png","width":300,"height":140,"caption":"Declaraciones Aduaneras Leon"},"image":{"@id":"https:\/\/www.aduanerasleon.com\/fr\/#\/schema\/logo\/image\/"}}]}},"_links":{"self":[{"href":"https:\/\/www.aduanerasleon.com\/fr\/wp-json\/wp\/v2\/pages\/1409"}],"collection":[{"href":"https:\/\/www.aduanerasleon.com\/fr\/wp-json\/wp\/v2\/pages"}],"about":[{"href":"https:\/\/www.aduanerasleon.com\/fr\/wp-json\/wp\/v2\/types\/page"}],"author":[{"embeddable":true,"href":"https:\/\/www.aduanerasleon.com\/fr\/wp-json\/wp\/v2\/users\/1"}],"replies":[{"embeddable":true,"href":"https:\/\/www.aduanerasleon.com\/fr\/wp-json\/wp\/v2\/comments?post=1409"}],"version-history":[{"count":12,"href":"https:\/\/www.aduanerasleon.com\/fr\/wp-json\/wp\/v2\/pages\/1409\/revisions"}],"predecessor-version":[{"id":1816,"href":"https:\/\/www.aduanerasleon.com\/fr\/wp-json\/wp\/v2\/pages\/1409\/revisions\/1816"}],"wp:attachment":[{"href":"https:\/\/www.aduanerasleon.com\/fr\/wp-json\/wp\/v2\/media?parent=1409"}],"curies":[{"name":"wp","href":"https:\/\/api.w.org\/{rel}","templated":true}]}}