{"id":1407,"date":"2022-12-13T17:17:42","date_gmt":"2022-12-13T17:17:42","guid":{"rendered":"https:\/\/aduanerasleon.agenciaseo.me\/politica-de-privacidad\/"},"modified":"2023-02-08T12:19:12","modified_gmt":"2023-02-08T12:19:12","slug":"politique-de-confidentialite","status":"publish","type":"page","link":"https:\/\/www.aduanerasleon.com\/fr\/politique-de-confidentialite\/","title":{"rendered":"Politique de confidentialit\u00e9"},"content":{"rendered":"\t\t<div data-elementor-type=\"wp-page\" data-elementor-id=\"1407\" class=\"elementor elementor-1407 elementor-874\">\n\t\t\t\t\t\t<div class=\"elementor-inner\">\n\t\t\t\t<div class=\"elementor-section-wrap\">\n\t\t\t\t\t\t\t\t\t<section class=\"elementor-section elementor-top-section elementor-element elementor-element-509161c elementor-section-boxed elementor-section-height-default elementor-section-height-default\" data-id=\"509161c\" data-element_type=\"section\" data-settings=\"{&quot;_ha_eqh_enable&quot;:false}\">\n\t\t\t\t\t\t<div class=\"elementor-container elementor-column-gap-default\">\n\t\t\t\t\t\t\t<div class=\"elementor-row\">\n\t\t\t\t\t<div class=\"aux-parallax-section elementor-column elementor-col-100 elementor-top-column elementor-element elementor-element-099b3c6\" data-id=\"099b3c6\" data-element_type=\"column\">\n\t\t\t<div class=\"elementor-column-wrap elementor-element-populated\">\n\t\t\t\t\t\t\t<div class=\"elementor-widget-wrap\">\n\t\t\t\t\t\t<div class=\"elementor-element elementor-element-6a026f7 elementor-widget elementor-widget-text-editor\" data-id=\"6a026f7\" data-element_type=\"widget\" data-widget_type=\"text-editor.default\">\n\t\t\t\t<div class=\"elementor-widget-container\">\n\t\t\t\t\t\t\t\t<div class=\"elementor-text-editor elementor-clearfix\">\n\t\t\t\t<h1>POL\u00cdTICA DE PROTECCI\u00d3N DE DATOS EN LA WEB<\/h1><p>De conformidad con lo dispuesto en el Reglamento 2016\/679 del Parlamento Europeo y del Consejo de 27 de abril de 2016, de Protecci\u00f3n de Datos de Car\u00e1cter Personal y LOPD, le informamos que los datos personales facilitados a trav\u00e9s de los formularios de esta Web o mediante mensajes de correo electr\u00f3nico, podr\u00e1n ser incorporados en nuestros ficheros, en concreto los denominados \u201cClientes y\/o Proveedores\u201d y \u201cNominas \u2013 Recursos Humanos\u201d y ser\u00e1n tratados de manera automatizada. Mediante el env\u00edo de los formularios existentes en esta Web, el remitente da su consentimiento para ser incluido en los mencionados ficheros. As\u00ed mismo, le comunicamos que desde esta Web se podr\u00e1n recoger direcciones IP de los usuarios, las cuales ser\u00e1n igualmente tratadas de acuerdo a la normativa vigente.<br \/>Las finalidades de estos ficheros son Gesti\u00f3n de Clientes, Contable, Fiscal y Administrativa y Gesti\u00f3n del departamento de Recursos Humanos. Todos los ficheros han sido debidamente registrados en la Agencia Espa\u00f1ola de Protecci\u00f3n de Datos. Sus datos podr\u00e1n ser cedidos, siempre protegiendo los datos adecuadamente, a:<br \/>Organizaciones o Personas Directamente Relacionadas con el Responsable, Administraci\u00f3n Tributaria y Bancos, Cajas de Ahorros y Cajas Rurales. Los datos proporcionados se conservaran mientras se mantenga la relaci\u00f3n comercial o durante los a\u00f1os necesarios para cumplir con las obligaciones legales. DECLARACIONES ADUANERAS LEON S.L respetar\u00e1n en todo momento la confidencialidad de sus datos, seg\u00fan conformidad con el Reglamento 2016\/679 del Parlamento Europeo y del Consejo de 27 de abril de 2016, de Protecci\u00f3n de Datos de Car\u00e1cter Personal y LOPD.<br \/>En cualquier momento puede usted ejecutar sus derechos de oposici\u00f3n, acceso, rectificaci\u00f3n, cancelaci\u00f3n y oposici\u00f3n de su autorizaci\u00f3n sin efectos retroactivos en los t\u00e9rminos especificados en el Reglamento 2016\/679 del Parlamento Europeo y del Consejo de 27 de abril de 2016, de Protecci\u00f3n de Datos de Car\u00e1cter Personal y LOPD, conforme al procedimiento legalmente establecido. Estos derechos podr\u00e1n ser ejercidos dirigi\u00e9ndose por correo electr\u00f3nico a info@aduanerasleon.com .<\/p><p>AVISO DE PROTECCI\u00d3N DE DATOS DE LA WEB PARA FORMULARIO<\/p><p>\u201cDe acuerdo con lo establecido por el Reglamento 2016\/679 del Parlamento Europeo y del Consejo de 27 de abril de 2016, de Protecci\u00f3n de Datos de Car\u00e1cter, doy mi consentimiento\/consiento para que los datos de car\u00e1cter personal proporcionados en esta web sean incluidos en el fichero \u201cClientes y\/o Proveedores\u201d del que es titular DECLARACIONES ADUANERAS LEON S.L, que puedan ser utilizados con las finalidades de Gesti\u00f3n de Clientes, Contable, Fiscal y Administrativa y podr\u00e1n ser cedidos a Organizaciones o Personas Directamente Relacionadas con el Responsable, Administraci\u00f3n Tributaria y Bancos, Cajas de Ahorros y Cajas Rurales. Los datos proporcionados se conservaran mientras se mantenga la relaci\u00f3n comercial o durante los a\u00f1os necesarios para cumplir con las obligaciones legales. Declaro as\u00ed mismo estar informado sobre los derechos de acceso, rectificaci\u00f3n, cancelaci\u00f3n y oposici\u00f3n que podr\u00e9 ejercitar en el domicilio social de DECLARACIONES ADUANERAS LEON S.L en C\/ C\u00e1novas del Castillo 12, 3\u00aapl, C.P. 11201, Algeciras (C\u00e1diz).\u201d<br \/>Para continuar, el usuario deber\u00e1 marcar una casilla indicando que ha le\u00eddo y aceptado las condiciones de protecci\u00f3n de datos de la empresa. Una vez marcada, podr\u00e1 procederse al env\u00edo de los datos a la empresa.<\/p><p>POL\u00cdTICA DE COOKIES<\/p><p>El sitio Web del prestador puede utilizar cookies (peque\u00f1os archivos de informaci\u00f3n que el servidor env\u00eda al ordenador de quien accede a la p\u00e1gina con la finalidad de registrar las actividades del usuario durante su tiempo de navegaci\u00f3n) para llevar a cabo determinadas funciones que son consideradas imprescindibles para el correcto funcionamiento y visualizaci\u00f3n del sitio.<\/p>\t\t\t\t\t<\/div>\n\t\t\t\t\t\t<\/div>\n\t\t\t\t<\/div>\n\t\t\t\t\t\t<\/div>\n\t\t\t\t\t<\/div>\n\t\t<\/div>\n\t\t\t\t\t\t\t\t<\/div>\n\t\t\t\t\t<\/div>\n\t\t<\/section>\n\t\t\t\t\t\t\t\t\t<\/div>\n\t\t\t<\/div>\n\t\t\t\t\t<\/div>\n\t\t","protected":false},"excerpt":{"rendered":"<p>POLTICA DE PROTECCIN DE DATOS EN LA WEB De conformidad con lo dispuesto en el Reglamento 2016\/679 del Parlamento Europeo y del Consejo de 27 de abril de 2016, de Proteccin de Datos de Carcter Personal y LOPD, le informamos que los datos personales facilitados a travs de los formularios de esta Web o mediante [&hellip;]<\/p>\n","protected":false},"author":1,"featured_media":0,"parent":0,"menu_order":0,"comment_status":"closed","ping_status":"closed","template":"","meta":[],"yoast_head":"<!-- This site is optimized with the Yoast SEO plugin v20.0 - https:\/\/yoast.com\/wordpress\/plugins\/seo\/ -->\n<title>Politique de confidentialit\u00e9 - Declaraciones Aduaneras Leon<\/title>\n<meta name=\"robots\" content=\"index, follow, max-snippet:-1, max-image-preview:large, max-video-preview:-1\" \/>\n<link rel=\"canonical\" href=\"https:\/\/www.aduanerasleon.com\/fr\/politique-de-confidentialite\/\" \/>\n<meta property=\"og:locale\" content=\"fr_FR\" \/>\n<meta property=\"og:type\" content=\"article\" \/>\n<meta property=\"og:title\" content=\"Politique de confidentialit\u00e9 - Declaraciones Aduaneras Leon\" \/>\n<meta property=\"og:description\" content=\"POLTICA DE PROTECCIN DE DATOS EN LA WEB De conformidad con lo dispuesto en el Reglamento 2016\/679 del Parlamento Europeo y del Consejo de 27 de abril de 2016, de Proteccin de Datos de Carcter Personal y LOPD, le informamos que los datos personales facilitados a travs de los formularios de esta Web o mediante [&hellip;]\" \/>\n<meta property=\"og:url\" content=\"https:\/\/www.aduanerasleon.com\/fr\/politique-de-confidentialite\/\" \/>\n<meta property=\"og:site_name\" content=\"Declaraciones Aduaneras Leon\" \/>\n<meta property=\"article:modified_time\" content=\"2023-02-08T12:19:12+00:00\" \/>\n<meta name=\"twitter:card\" content=\"summary_large_image\" \/>\n<meta name=\"twitter:label1\" content=\"Dur\u00e9e de lecture estim\u00e9e\" \/>\n\t<meta name=\"twitter:data1\" content=\"3 minutes\" \/>\n<script type=\"application\/ld+json\" class=\"yoast-schema-graph\">{\"@context\":\"https:\/\/schema.org\",\"@graph\":[{\"@type\":\"WebPage\",\"@id\":\"https:\/\/www.aduanerasleon.com\/fr\/politique-de-confidentialite\/\",\"url\":\"https:\/\/www.aduanerasleon.com\/fr\/politique-de-confidentialite\/\",\"name\":\"Politique de confidentialit\u00e9 - Declaraciones Aduaneras Leon\",\"isPartOf\":{\"@id\":\"https:\/\/www.aduanerasleon.com\/fr\/#website\"},\"datePublished\":\"2022-12-13T17:17:42+00:00\",\"dateModified\":\"2023-02-08T12:19:12+00:00\",\"breadcrumb\":{\"@id\":\"https:\/\/www.aduanerasleon.com\/fr\/politique-de-confidentialite\/#breadcrumb\"},\"inLanguage\":\"fr-FR\",\"potentialAction\":[{\"@type\":\"ReadAction\",\"target\":[\"https:\/\/www.aduanerasleon.com\/fr\/politique-de-confidentialite\/\"]}]},{\"@type\":\"BreadcrumbList\",\"@id\":\"https:\/\/www.aduanerasleon.com\/fr\/politique-de-confidentialite\/#breadcrumb\",\"itemListElement\":[{\"@type\":\"ListItem\",\"position\":1,\"name\":\"Portada\",\"item\":\"https:\/\/www.aduanerasleon.com\/fr\/\"},{\"@type\":\"ListItem\",\"position\":2,\"name\":\"Politique de confidentialit\u00e9\"}]},{\"@type\":\"WebSite\",\"@id\":\"https:\/\/www.aduanerasleon.com\/fr\/#website\",\"url\":\"https:\/\/www.aduanerasleon.com\/fr\/\",\"name\":\"Declaraciones Aduaneras Leon\",\"description\":\"Aduanas y Transportes\",\"publisher\":{\"@id\":\"https:\/\/www.aduanerasleon.com\/fr\/#organization\"},\"potentialAction\":[{\"@type\":\"SearchAction\",\"target\":{\"@type\":\"EntryPoint\",\"urlTemplate\":\"https:\/\/www.aduanerasleon.com\/fr\/?s={search_term_string}\"},\"query-input\":\"required name=search_term_string\"}],\"inLanguage\":\"fr-FR\"},{\"@type\":\"Organization\",\"@id\":\"https:\/\/www.aduanerasleon.com\/fr\/#organization\",\"name\":\"Declaraciones Aduaneras Leon\",\"url\":\"https:\/\/www.aduanerasleon.com\/fr\/\",\"logo\":{\"@type\":\"ImageObject\",\"inLanguage\":\"fr-FR\",\"@id\":\"https:\/\/www.aduanerasleon.com\/fr\/#\/schema\/logo\/image\/\",\"url\":\"https:\/\/www.aduanerasleon.com\/wp-content\/uploads\/2022\/11\/cropped-Logo-Aduaneras-Leon.png\",\"contentUrl\":\"https:\/\/www.aduanerasleon.com\/wp-content\/uploads\/2022\/11\/cropped-Logo-Aduaneras-Leon.png\",\"width\":300,\"height\":140,\"caption\":\"Declaraciones Aduaneras Leon\"},\"image\":{\"@id\":\"https:\/\/www.aduanerasleon.com\/fr\/#\/schema\/logo\/image\/\"}}]}<\/script>\n<!-- \/ Yoast SEO plugin. -->","yoast_head_json":{"title":"Politique de confidentialit\u00e9 - Declaraciones Aduaneras Leon","robots":{"index":"index","follow":"follow","max-snippet":"max-snippet:-1","max-image-preview":"max-image-preview:large","max-video-preview":"max-video-preview:-1"},"canonical":"https:\/\/www.aduanerasleon.com\/fr\/politique-de-confidentialite\/","og_locale":"fr_FR","og_type":"article","og_title":"Politique de confidentialit\u00e9 - Declaraciones Aduaneras Leon","og_description":"POLTICA DE PROTECCIN DE DATOS EN LA WEB De conformidad con lo dispuesto en el Reglamento 2016\/679 del Parlamento Europeo y del Consejo de 27 de abril de 2016, de Proteccin de Datos de Carcter Personal y LOPD, le informamos que los datos personales facilitados a travs de los formularios de esta Web o mediante [&hellip;]","og_url":"https:\/\/www.aduanerasleon.com\/fr\/politique-de-confidentialite\/","og_site_name":"Declaraciones Aduaneras Leon","article_modified_time":"2023-02-08T12:19:12+00:00","twitter_card":"summary_large_image","twitter_misc":{"Dur\u00e9e de lecture estim\u00e9e":"3 minutes"},"schema":{"@context":"https:\/\/schema.org","@graph":[{"@type":"WebPage","@id":"https:\/\/www.aduanerasleon.com\/fr\/politique-de-confidentialite\/","url":"https:\/\/www.aduanerasleon.com\/fr\/politique-de-confidentialite\/","name":"Politique de confidentialit\u00e9 - Declaraciones Aduaneras Leon","isPartOf":{"@id":"https:\/\/www.aduanerasleon.com\/fr\/#website"},"datePublished":"2022-12-13T17:17:42+00:00","dateModified":"2023-02-08T12:19:12+00:00","breadcrumb":{"@id":"https:\/\/www.aduanerasleon.com\/fr\/politique-de-confidentialite\/#breadcrumb"},"inLanguage":"fr-FR","potentialAction":[{"@type":"ReadAction","target":["https:\/\/www.aduanerasleon.com\/fr\/politique-de-confidentialite\/"]}]},{"@type":"BreadcrumbList","@id":"https:\/\/www.aduanerasleon.com\/fr\/politique-de-confidentialite\/#breadcrumb","itemListElement":[{"@type":"ListItem","position":1,"name":"Portada","item":"https:\/\/www.aduanerasleon.com\/fr\/"},{"@type":"ListItem","position":2,"name":"Politique de confidentialit\u00e9"}]},{"@type":"WebSite","@id":"https:\/\/www.aduanerasleon.com\/fr\/#website","url":"https:\/\/www.aduanerasleon.com\/fr\/","name":"Declaraciones Aduaneras Leon","description":"Aduanas y Transportes","publisher":{"@id":"https:\/\/www.aduanerasleon.com\/fr\/#organization"},"potentialAction":[{"@type":"SearchAction","target":{"@type":"EntryPoint","urlTemplate":"https:\/\/www.aduanerasleon.com\/fr\/?s={search_term_string}"},"query-input":"required name=search_term_string"}],"inLanguage":"fr-FR"},{"@type":"Organization","@id":"https:\/\/www.aduanerasleon.com\/fr\/#organization","name":"Declaraciones Aduaneras Leon","url":"https:\/\/www.aduanerasleon.com\/fr\/","logo":{"@type":"ImageObject","inLanguage":"fr-FR","@id":"https:\/\/www.aduanerasleon.com\/fr\/#\/schema\/logo\/image\/","url":"https:\/\/www.aduanerasleon.com\/wp-content\/uploads\/2022\/11\/cropped-Logo-Aduaneras-Leon.png","contentUrl":"https:\/\/www.aduanerasleon.com\/wp-content\/uploads\/2022\/11\/cropped-Logo-Aduaneras-Leon.png","width":300,"height":140,"caption":"Declaraciones Aduaneras Leon"},"image":{"@id":"https:\/\/www.aduanerasleon.com\/fr\/#\/schema\/logo\/image\/"}}]}},"_links":{"self":[{"href":"https:\/\/www.aduanerasleon.com\/fr\/wp-json\/wp\/v2\/pages\/1407"}],"collection":[{"href":"https:\/\/www.aduanerasleon.com\/fr\/wp-json\/wp\/v2\/pages"}],"about":[{"href":"https:\/\/www.aduanerasleon.com\/fr\/wp-json\/wp\/v2\/types\/page"}],"author":[{"embeddable":true,"href":"https:\/\/www.aduanerasleon.com\/fr\/wp-json\/wp\/v2\/users\/1"}],"replies":[{"embeddable":true,"href":"https:\/\/www.aduanerasleon.com\/fr\/wp-json\/wp\/v2\/comments?post=1407"}],"version-history":[{"count":4,"href":"https:\/\/www.aduanerasleon.com\/fr\/wp-json\/wp\/v2\/pages\/1407\/revisions"}],"predecessor-version":[{"id":1673,"href":"https:\/\/www.aduanerasleon.com\/fr\/wp-json\/wp\/v2\/pages\/1407\/revisions\/1673"}],"wp:attachment":[{"href":"https:\/\/www.aduanerasleon.com\/fr\/wp-json\/wp\/v2\/media?parent=1407"}],"curies":[{"name":"wp","href":"https:\/\/api.w.org\/{rel}","templated":true}]}}