{"id":1402,"date":"2022-12-13T10:39:04","date_gmt":"2022-12-13T10:39:04","guid":{"rendered":"https:\/\/aduanerasleon.agenciaseo.me\/empresa\/"},"modified":"2023-02-08T17:23:21","modified_gmt":"2023-02-08T17:23:21","slug":"entreprise","status":"publish","type":"page","link":"https:\/\/www.aduanerasleon.com\/fr\/entreprise\/","title":{"rendered":"Entreprise"},"content":{"rendered":"\t\t<div data-elementor-type=\"wp-page\" data-elementor-id=\"1402\" class=\"elementor elementor-1402 elementor-666\">\n\t\t\t\t\t\t<div class=\"elementor-inner\">\n\t\t\t\t<div class=\"elementor-section-wrap\">\n\t\t\t\t\t\t\t\t\t<section class=\"elementor-section elementor-top-section elementor-element elementor-element-3ad80d0 elementor-section-boxed elementor-section-height-default elementor-section-height-default\" data-id=\"3ad80d0\" data-element_type=\"section\" data-settings=\"{&quot;background_background&quot;:&quot;classic&quot;,&quot;_ha_eqh_enable&quot;:false}\">\n\t\t\t\t\t\t<div class=\"elementor-container elementor-column-gap-no\">\n\t\t\t\t\t\t\t<div class=\"elementor-row\">\n\t\t\t\t\t<div class=\"aux-parallax-section elementor-column elementor-col-50 elementor-top-column elementor-element elementor-element-56f2f4a aux-why-choose-us\" data-id=\"56f2f4a\" data-element_type=\"column\">\n\t\t\t<div class=\"elementor-column-wrap elementor-element-populated\">\n\t\t\t\t\t\t\t<div class=\"elementor-widget-wrap\">\n\t\t\t\t\t\t<div class=\"elementor-element elementor-element-90ea065 aux-appear-watch-animation aux-fade-in elementor-widget elementor-widget-aux_modern_heading\" data-id=\"90ea065\" data-element_type=\"widget\" data-widget_type=\"aux_modern_heading.default\">\n\t\t\t\t<div class=\"elementor-widget-container\">\n\t\t\t<section class=\"aux-widget-modern-heading\">\n            <div class=\"aux-widget-inner\"><h2 class=\"aux-modern-heading-primary\">\u00c0 PROPOS D\u2019ADUANERAS LE\u00d3N\n<\/h2><div class=\"aux-modern-heading-description\"><p>Declaraciones Aduaneras Le\u00f3n est une Agence en Douane forte d\u2019une exp\u00e9rience \u00e9tendue dans le secteur du Trafic International de Marchandises, dans tous ses aspects.<\/p><p>Le traitement personnalis\u00e9 et direct, le suivi int\u00e9gral de la marchandise et des proc\u00e9dures et la livraison \u00e0 temps sont au centre de nos priorit\u00e9s et font partie des objectifs de notre entreprise.<\/p><p>Gr\u00e2ce \u00e0 notre emplacement strat\u00e9gique au Port de la Baie d\u2019Alg\u00e9siras, r\u00e9f\u00e9rence mondiale dans le trafic international de marchandises, nous pouvons r\u00e9pondre \u00e0 tous les besoins de votre entreprise en Commerce International d\u2019une mani\u00e8re souple, efficace et globale. Si vous avez des questions \u00e0 propos de votre cas concret, contactez-nous, nous serions ravis de vous conseiller.<\/p><\/div><\/div>\n        <\/section>\t\t<\/div>\n\t\t\t\t<\/div>\n\t\t\t\t\t\t<\/div>\n\t\t\t\t\t<\/div>\n\t\t<\/div>\n\t\t\t\t<div class=\"aux-parallax-section elementor-column elementor-col-50 elementor-top-column elementor-element elementor-element-307d389 aux--choose elementor-hidden-tablet elementor-hidden-mobile\" data-id=\"307d389\" data-element_type=\"column\">\n\t\t\t<div class=\"elementor-column-wrap elementor-element-populated\">\n\t\t\t\t\t\t\t<div class=\"elementor-widget-wrap\">\n\t\t\t\t\t\t<div class=\"elementor-element elementor-element-bf38bce aux-appear-watch-animation aux-fade-in elementor-widget elementor-widget-image\" data-id=\"bf38bce\" data-element_type=\"widget\" data-widget_type=\"image.default\">\n\t\t\t\t<div class=\"elementor-widget-container\">\n\t\t\t\t\t\t\t\t<div class=\"elementor-image\">\n\t\t\t\t\t\t\t\t\t\t\t\t<img decoding=\"async\" width=\"1207\" height=\"932\" src=\"https:\/\/www.aduanerasleon.com\/wp-content\/uploads\/2022\/11\/AL-Background-1.png\" class=\"attachment-full size-full wp-image-200\" alt=\"\" loading=\"lazy\" srcset=\"https:\/\/www.aduanerasleon.com\/wp-content\/uploads\/2022\/11\/AL-Background-1.png 1207w, https:\/\/www.aduanerasleon.com\/wp-content\/uploads\/2022\/11\/AL-Background-1-200x154.png 200w\" sizes=\"(max-width: 1207px) 100vw, 1207px\" \/>\t\t\t\t\t\t\t\t\t\t\t\t\t\t<\/div>\n\t\t\t\t\t\t<\/div>\n\t\t\t\t<\/div>\n\t\t\t\t\t\t<\/div>\n\t\t\t\t\t<\/div>\n\t\t<\/div>\n\t\t\t\t\t\t\t\t<\/div>\n\t\t\t\t\t<\/div>\n\t\t<\/section>\n\t\t\t\t<section class=\"elementor-section elementor-top-section elementor-element elementor-element-e30c74a elementor-section-boxed elementor-section-height-default elementor-section-height-default\" data-id=\"e30c74a\" data-element_type=\"section\" data-settings=\"{&quot;background_background&quot;:&quot;classic&quot;,&quot;_ha_eqh_enable&quot;:false}\">\n\t\t\t\t\t\t<div class=\"elementor-container elementor-column-gap-default\">\n\t\t\t\t\t\t\t<div class=\"elementor-row\">\n\t\t\t\t\t<div class=\"aux-parallax-section elementor-column elementor-col-100 elementor-top-column elementor-element elementor-element-989dc3c\" data-id=\"989dc3c\" data-element_type=\"column\">\n\t\t\t<div class=\"elementor-column-wrap elementor-element-populated\">\n\t\t\t\t\t\t\t<div class=\"elementor-widget-wrap\">\n\t\t\t\t\t\t<div class=\"elementor-element elementor-element-99bc75c aux-appear-watch-animation aux-fade-in elementor-widget elementor-widget-aux_modern_heading\" data-id=\"99bc75c\" data-element_type=\"widget\" data-widget_type=\"aux_modern_heading.default\">\n\t\t\t\t<div class=\"elementor-widget-container\">\n\t\t\t<section class=\"aux-widget-modern-heading\">\n            <div class=\"aux-widget-inner\"><h2 class=\"aux-modern-heading-primary\">L\u2019EXP\u00c9RIENCE NOUS ACCOMPAGNE\n<\/h2><\/div>\n        <\/section>\t\t<\/div>\n\t\t\t\t<\/div>\n\t\t\t\t\t\t<\/div>\n\t\t\t\t\t<\/div>\n\t\t<\/div>\n\t\t\t\t\t\t\t\t<\/div>\n\t\t\t\t\t<\/div>\n\t\t<\/section>\n\t\t\t\t<section class=\"elementor-section elementor-top-section elementor-element elementor-element-ea273ed elementor-section-boxed elementor-section-height-default elementor-section-height-default\" data-id=\"ea273ed\" data-element_type=\"section\" data-settings=\"{&quot;background_background&quot;:&quot;classic&quot;,&quot;_ha_eqh_enable&quot;:false}\">\n\t\t\t\t\t\t<div class=\"elementor-container elementor-column-gap-default\">\n\t\t\t\t\t\t\t<div class=\"elementor-row\">\n\t\t\t\t\t<div class=\"aux-parallax-section elementor-column elementor-col-33 elementor-top-column elementor-element elementor-element-a4bbd98\" data-id=\"a4bbd98\" data-element_type=\"column\">\n\t\t\t<div class=\"elementor-column-wrap elementor-element-populated\">\n\t\t\t\t\t\t\t<div class=\"elementor-widget-wrap\">\n\t\t\t\t\t\t<div class=\"elementor-element elementor-element-ad3b913 elementor-view-default elementor-widget elementor-widget-icon\" data-id=\"ad3b913\" data-element_type=\"widget\" data-widget_type=\"icon.default\">\n\t\t\t\t<div class=\"elementor-widget-container\">\n\t\t\t\t\t<div class=\"elementor-icon-wrapper\">\n\t\t\t<div class=\"elementor-icon\">\n\t\t\t<i aria-hidden=\"true\" class=\"auxicon auxicon-file-text-1\"><\/i>\t\t\t<\/div>\n\t\t<\/div>\n\t\t\t\t<\/div>\n\t\t\t\t<\/div>\n\t\t\t\t<div class=\"elementor-element elementor-element-237659c elementor-widget elementor-widget-aux_counter\" data-id=\"237659c\" data-element_type=\"widget\" data-widget_type=\"aux_counter.default\">\n\t\t\t\t<div class=\"elementor-widget-container\">\n\t\t\t\t\t<div class=\"aux-counter\">\n\t\t\t<div class=\"aux-counter-number-wrapper\">\n\t\t\t\t<span class=\"aux-counter-number-prefix\">+<\/span>\n\t\t\t\t<span class=\"aux-counter-number\" data-duration=\"1500\" data-to-value=\"6000\" data-from-value=\"0\" data-delay=\"0\" data-easing=\"\">0<\/span>\n\t\t\t\t<span class=\"aux-counter-number-suffix\"><\/span>\n\t\t\t<\/div>\n\t\t\t\t\t\t\t<div class=\"aux-counter-title\">Proc\u00e9dures douani\u00e8res <br>r\u00e9alis\u00e9es<\/div>\n\t\t\t\t\t<\/div>\n\t\t\t\t<\/div>\n\t\t\t\t<\/div>\n\t\t\t\t\t\t<\/div>\n\t\t\t\t\t<\/div>\n\t\t<\/div>\n\t\t\t\t<div class=\"aux-parallax-section elementor-column elementor-col-33 elementor-top-column elementor-element elementor-element-96395bb\" data-id=\"96395bb\" data-element_type=\"column\">\n\t\t\t<div class=\"elementor-column-wrap elementor-element-populated\">\n\t\t\t\t\t\t\t<div class=\"elementor-widget-wrap\">\n\t\t\t\t\t\t<div class=\"elementor-element elementor-element-24d5173 elementor-view-default elementor-widget elementor-widget-icon\" data-id=\"24d5173\" data-element_type=\"widget\" data-widget_type=\"icon.default\">\n\t\t\t\t<div class=\"elementor-widget-container\">\n\t\t\t\t\t<div class=\"elementor-icon-wrapper\">\n\t\t\t<div class=\"elementor-icon\">\n\t\t\t<i aria-hidden=\"true\" class=\"hm hm-ship\"><\/i>\t\t\t<\/div>\n\t\t<\/div>\n\t\t\t\t<\/div>\n\t\t\t\t<\/div>\n\t\t\t\t<div class=\"elementor-element elementor-element-799d3b9 elementor-widget elementor-widget-aux_counter\" data-id=\"799d3b9\" data-element_type=\"widget\" data-widget_type=\"aux_counter.default\">\n\t\t\t\t<div class=\"elementor-widget-container\">\n\t\t\t\t\t<div class=\"aux-counter\">\n\t\t\t<div class=\"aux-counter-number-wrapper\">\n\t\t\t\t<span class=\"aux-counter-number-prefix\">+<\/span>\n\t\t\t\t<span class=\"aux-counter-number\" data-duration=\"1500\" data-to-value=\"3000\" data-from-value=\"0\" data-delay=\"0\" data-easing=\"\">0<\/span>\n\t\t\t\t<span class=\"aux-counter-number-suffix\"><\/span>\n\t\t\t<\/div>\n\t\t\t\t\t\t\t<div class=\"aux-counter-title\">Transports<br> g\u00e9r\u00e9s<\/div>\n\t\t\t\t\t<\/div>\n\t\t\t\t<\/div>\n\t\t\t\t<\/div>\n\t\t\t\t\t\t<\/div>\n\t\t\t\t\t<\/div>\n\t\t<\/div>\n\t\t\t\t<div class=\"aux-parallax-section elementor-column elementor-col-33 elementor-top-column elementor-element elementor-element-412e3fa\" data-id=\"412e3fa\" data-element_type=\"column\">\n\t\t\t<div class=\"elementor-column-wrap elementor-element-populated\">\n\t\t\t\t\t\t\t<div class=\"elementor-widget-wrap\">\n\t\t\t\t\t\t<div class=\"elementor-element elementor-element-e4a284a elementor-view-default elementor-widget elementor-widget-icon\" data-id=\"e4a284a\" data-element_type=\"widget\" data-widget_type=\"icon.default\">\n\t\t\t\t<div class=\"elementor-widget-container\">\n\t\t\t\t\t<div class=\"elementor-icon-wrapper\">\n\t\t\t<div class=\"elementor-icon\">\n\t\t\t<i aria-hidden=\"true\" class=\"auxicon auxicon-truck-2\"><\/i>\t\t\t<\/div>\n\t\t<\/div>\n\t\t\t\t<\/div>\n\t\t\t\t<\/div>\n\t\t\t\t<div class=\"elementor-element elementor-element-14f49f6 elementor-widget elementor-widget-aux_counter\" data-id=\"14f49f6\" data-element_type=\"widget\" data-widget_type=\"aux_counter.default\">\n\t\t\t\t<div class=\"elementor-widget-container\">\n\t\t\t\t\t<div class=\"aux-counter\">\n\t\t\t<div class=\"aux-counter-number-wrapper\">\n\t\t\t\t<span class=\"aux-counter-number-prefix\">+<\/span>\n\t\t\t\t<span class=\"aux-counter-number\" data-duration=\"1500\" data-to-value=\"11000\" data-from-value=\"0\" data-delay=\"0\" data-easing=\"\">0<\/span>\n\t\t\t\t<span class=\"aux-counter-number-suffix\"><\/span>\n\t\t\t<\/div>\n\t\t\t\t\t\t\t<div class=\"aux-counter-title\">Op\u00e9rations d\u2019entr\u00e9e\/sortie de marchandises<\/div>\n\t\t\t\t\t<\/div>\n\t\t\t\t<\/div>\n\t\t\t\t<\/div>\n\t\t\t\t\t\t<\/div>\n\t\t\t\t\t<\/div>\n\t\t<\/div>\n\t\t\t\t\t\t\t\t<\/div>\n\t\t\t\t\t<\/div>\n\t\t<\/section>\n\t\t\t\t\t\t\t\t\t<\/div>\n\t\t\t<\/div>\n\t\t\t\t\t<\/div>\n\t\t","protected":false},"excerpt":{"rendered":"<p>\u00c0 PROPOS D\u2019ADUANERAS LE\u00d3N Declaraciones Aduaneras Le\u00f3n est une Agence en Douane forte d\u2019une exp\u00e9rience \u00e9tendue dans le secteur du Trafic International de Marchandises, dans tous ses aspects. Le traitement personnalis\u00e9 et direct, le suivi int\u00e9gral de la marchandise et des proc\u00e9dures et la livraison \u00e0 temps sont au centre de nos priorit\u00e9s et font [&hellip;]<\/p>\n","protected":false},"author":1,"featured_media":0,"parent":0,"menu_order":0,"comment_status":"closed","ping_status":"closed","template":"templates\/page-builder-content.php","meta":[],"yoast_head":"<!-- This site is optimized with the Yoast SEO plugin v20.0 - https:\/\/yoast.com\/wordpress\/plugins\/seo\/ -->\n<title>\u00c0 propos des d\u00e9clarations douani\u00e8res de Le\u00f3n<\/title>\n<meta name=\"description\" content=\"Declaraciones Aduaneras Le\u00f3n est une agence de douane poss\u00e9dant une grande exp\u00e9rience dans le secteur du trafic international.\" \/>\n<meta name=\"robots\" content=\"index, follow, max-snippet:-1, max-image-preview:large, max-video-preview:-1\" \/>\n<link rel=\"canonical\" href=\"https:\/\/www.aduanerasleon.com\/fr\/entreprise\/\" \/>\n<meta property=\"og:locale\" content=\"fr_FR\" \/>\n<meta property=\"og:type\" content=\"article\" \/>\n<meta property=\"og:title\" content=\"\u00c0 propos des d\u00e9clarations douani\u00e8res de Le\u00f3n\" \/>\n<meta property=\"og:description\" content=\"Declaraciones Aduaneras Le\u00f3n est une agence de douane poss\u00e9dant une grande exp\u00e9rience dans le secteur du trafic international.\" \/>\n<meta property=\"og:url\" content=\"https:\/\/www.aduanerasleon.com\/fr\/entreprise\/\" \/>\n<meta property=\"og:site_name\" content=\"Declaraciones Aduaneras Leon\" \/>\n<meta property=\"article:modified_time\" content=\"2023-02-08T17:23:21+00:00\" \/>\n<meta property=\"og:image\" content=\"https:\/\/www.aduanerasleon.com\/wp-content\/uploads\/2022\/11\/AL-Background-1.png\" \/>\n<meta name=\"twitter:card\" content=\"summary_large_image\" \/>\n<meta name=\"twitter:label1\" content=\"Dur\u00e9e de lecture estim\u00e9e\" \/>\n\t<meta name=\"twitter:data1\" content=\"1 minute\" \/>\n<script type=\"application\/ld+json\" class=\"yoast-schema-graph\">{\"@context\":\"https:\/\/schema.org\",\"@graph\":[{\"@type\":\"WebPage\",\"@id\":\"https:\/\/www.aduanerasleon.com\/fr\/entreprise\/\",\"url\":\"https:\/\/www.aduanerasleon.com\/fr\/entreprise\/\",\"name\":\"\u00c0 propos des d\u00e9clarations douani\u00e8res de Le\u00f3n\",\"isPartOf\":{\"@id\":\"https:\/\/www.aduanerasleon.com\/fr\/#website\"},\"datePublished\":\"2022-12-13T10:39:04+00:00\",\"dateModified\":\"2023-02-08T17:23:21+00:00\",\"description\":\"Declaraciones Aduaneras Le\u00f3n est une agence de douane poss\u00e9dant une grande exp\u00e9rience dans le secteur du trafic international.\",\"breadcrumb\":{\"@id\":\"https:\/\/www.aduanerasleon.com\/fr\/entreprise\/#breadcrumb\"},\"inLanguage\":\"fr-FR\",\"potentialAction\":[{\"@type\":\"ReadAction\",\"target\":[\"https:\/\/www.aduanerasleon.com\/fr\/entreprise\/\"]}]},{\"@type\":\"BreadcrumbList\",\"@id\":\"https:\/\/www.aduanerasleon.com\/fr\/entreprise\/#breadcrumb\",\"itemListElement\":[{\"@type\":\"ListItem\",\"position\":1,\"name\":\"Portada\",\"item\":\"https:\/\/www.aduanerasleon.com\/fr\/\"},{\"@type\":\"ListItem\",\"position\":2,\"name\":\"Entreprise\"}]},{\"@type\":\"WebSite\",\"@id\":\"https:\/\/www.aduanerasleon.com\/fr\/#website\",\"url\":\"https:\/\/www.aduanerasleon.com\/fr\/\",\"name\":\"Declaraciones Aduaneras Leon\",\"description\":\"Aduanas y Transportes\",\"publisher\":{\"@id\":\"https:\/\/www.aduanerasleon.com\/fr\/#organization\"},\"potentialAction\":[{\"@type\":\"SearchAction\",\"target\":{\"@type\":\"EntryPoint\",\"urlTemplate\":\"https:\/\/www.aduanerasleon.com\/fr\/?s={search_term_string}\"},\"query-input\":\"required name=search_term_string\"}],\"inLanguage\":\"fr-FR\"},{\"@type\":\"Organization\",\"@id\":\"https:\/\/www.aduanerasleon.com\/fr\/#organization\",\"name\":\"Declaraciones Aduaneras Leon\",\"url\":\"https:\/\/www.aduanerasleon.com\/fr\/\",\"logo\":{\"@type\":\"ImageObject\",\"inLanguage\":\"fr-FR\",\"@id\":\"https:\/\/www.aduanerasleon.com\/fr\/#\/schema\/logo\/image\/\",\"url\":\"https:\/\/www.aduanerasleon.com\/wp-content\/uploads\/2022\/11\/cropped-Logo-Aduaneras-Leon.png\",\"contentUrl\":\"https:\/\/www.aduanerasleon.com\/wp-content\/uploads\/2022\/11\/cropped-Logo-Aduaneras-Leon.png\",\"width\":300,\"height\":140,\"caption\":\"Declaraciones Aduaneras Leon\"},\"image\":{\"@id\":\"https:\/\/www.aduanerasleon.com\/fr\/#\/schema\/logo\/image\/\"}}]}<\/script>\n<!-- \/ Yoast SEO plugin. -->","yoast_head_json":{"title":"\u00c0 propos des d\u00e9clarations douani\u00e8res de Le\u00f3n","description":"Declaraciones Aduaneras Le\u00f3n est une agence de douane poss\u00e9dant une grande exp\u00e9rience dans le secteur du trafic international.","robots":{"index":"index","follow":"follow","max-snippet":"max-snippet:-1","max-image-preview":"max-image-preview:large","max-video-preview":"max-video-preview:-1"},"canonical":"https:\/\/www.aduanerasleon.com\/fr\/entreprise\/","og_locale":"fr_FR","og_type":"article","og_title":"\u00c0 propos des d\u00e9clarations douani\u00e8res de Le\u00f3n","og_description":"Declaraciones Aduaneras Le\u00f3n est une agence de douane poss\u00e9dant une grande exp\u00e9rience dans le secteur du trafic international.","og_url":"https:\/\/www.aduanerasleon.com\/fr\/entreprise\/","og_site_name":"Declaraciones Aduaneras Leon","article_modified_time":"2023-02-08T17:23:21+00:00","og_image":[{"url":"https:\/\/www.aduanerasleon.com\/wp-content\/uploads\/2022\/11\/AL-Background-1.png"}],"twitter_card":"summary_large_image","twitter_misc":{"Dur\u00e9e de lecture estim\u00e9e":"1 minute"},"schema":{"@context":"https:\/\/schema.org","@graph":[{"@type":"WebPage","@id":"https:\/\/www.aduanerasleon.com\/fr\/entreprise\/","url":"https:\/\/www.aduanerasleon.com\/fr\/entreprise\/","name":"\u00c0 propos des d\u00e9clarations douani\u00e8res de Le\u00f3n","isPartOf":{"@id":"https:\/\/www.aduanerasleon.com\/fr\/#website"},"datePublished":"2022-12-13T10:39:04+00:00","dateModified":"2023-02-08T17:23:21+00:00","description":"Declaraciones Aduaneras Le\u00f3n est une agence de douane poss\u00e9dant une grande exp\u00e9rience dans le secteur du trafic international.","breadcrumb":{"@id":"https:\/\/www.aduanerasleon.com\/fr\/entreprise\/#breadcrumb"},"inLanguage":"fr-FR","potentialAction":[{"@type":"ReadAction","target":["https:\/\/www.aduanerasleon.com\/fr\/entreprise\/"]}]},{"@type":"BreadcrumbList","@id":"https:\/\/www.aduanerasleon.com\/fr\/entreprise\/#breadcrumb","itemListElement":[{"@type":"ListItem","position":1,"name":"Portada","item":"https:\/\/www.aduanerasleon.com\/fr\/"},{"@type":"ListItem","position":2,"name":"Entreprise"}]},{"@type":"WebSite","@id":"https:\/\/www.aduanerasleon.com\/fr\/#website","url":"https:\/\/www.aduanerasleon.com\/fr\/","name":"Declaraciones Aduaneras Leon","description":"Aduanas y Transportes","publisher":{"@id":"https:\/\/www.aduanerasleon.com\/fr\/#organization"},"potentialAction":[{"@type":"SearchAction","target":{"@type":"EntryPoint","urlTemplate":"https:\/\/www.aduanerasleon.com\/fr\/?s={search_term_string}"},"query-input":"required name=search_term_string"}],"inLanguage":"fr-FR"},{"@type":"Organization","@id":"https:\/\/www.aduanerasleon.com\/fr\/#organization","name":"Declaraciones Aduaneras Leon","url":"https:\/\/www.aduanerasleon.com\/fr\/","logo":{"@type":"ImageObject","inLanguage":"fr-FR","@id":"https:\/\/www.aduanerasleon.com\/fr\/#\/schema\/logo\/image\/","url":"https:\/\/www.aduanerasleon.com\/wp-content\/uploads\/2022\/11\/cropped-Logo-Aduaneras-Leon.png","contentUrl":"https:\/\/www.aduanerasleon.com\/wp-content\/uploads\/2022\/11\/cropped-Logo-Aduaneras-Leon.png","width":300,"height":140,"caption":"Declaraciones Aduaneras Leon"},"image":{"@id":"https:\/\/www.aduanerasleon.com\/fr\/#\/schema\/logo\/image\/"}}]}},"_links":{"self":[{"href":"https:\/\/www.aduanerasleon.com\/fr\/wp-json\/wp\/v2\/pages\/1402"}],"collection":[{"href":"https:\/\/www.aduanerasleon.com\/fr\/wp-json\/wp\/v2\/pages"}],"about":[{"href":"https:\/\/www.aduanerasleon.com\/fr\/wp-json\/wp\/v2\/types\/page"}],"author":[{"embeddable":true,"href":"https:\/\/www.aduanerasleon.com\/fr\/wp-json\/wp\/v2\/users\/1"}],"replies":[{"embeddable":true,"href":"https:\/\/www.aduanerasleon.com\/fr\/wp-json\/wp\/v2\/comments?post=1402"}],"version-history":[{"count":12,"href":"https:\/\/www.aduanerasleon.com\/fr\/wp-json\/wp\/v2\/pages\/1402\/revisions"}],"predecessor-version":[{"id":1810,"href":"https:\/\/www.aduanerasleon.com\/fr\/wp-json\/wp\/v2\/pages\/1402\/revisions\/1810"}],"wp:attachment":[{"href":"https:\/\/www.aduanerasleon.com\/fr\/wp-json\/wp\/v2\/media?parent=1402"}],"curies":[{"name":"wp","href":"https:\/\/api.w.org\/{rel}","templated":true}]}}