{"id":1364,"date":"2022-12-13T12:30:27","date_gmt":"2022-12-13T12:30:27","guid":{"rendered":"https:\/\/aduanerasleon.agenciaseo.me\/servicios\/regimenes-especiales\/"},"modified":"2023-02-08T17:30:03","modified_gmt":"2023-02-08T17:30:03","slug":"regimes-speciaux-a-algeciras","status":"publish","type":"page","link":"https:\/\/www.aduanerasleon.com\/fr\/services\/regimes-speciaux-a-algeciras\/","title":{"rendered":"R\u00e9gimes Sp\u00e9ciaux \u00e0 Algeciras"},"content":{"rendered":"\t\t<div data-elementor-type=\"wp-page\" data-elementor-id=\"1364\" class=\"elementor elementor-1364 elementor-810\">\n\t\t\t\t\t\t<div class=\"elementor-inner\">\n\t\t\t\t<div class=\"elementor-section-wrap\">\n\t\t\t\t\t\t\t\t\t<section class=\"elementor-section elementor-top-section elementor-element elementor-element-5fea55a4 elementor-section-content-middle elementor-section-boxed elementor-section-height-default elementor-section-height-default\" data-id=\"5fea55a4\" data-element_type=\"section\" data-settings=\"{&quot;background_background&quot;:&quot;classic&quot;,&quot;_ha_eqh_enable&quot;:false}\">\n\t\t\t\t\t\t<div class=\"elementor-container elementor-column-gap-no\">\n\t\t\t\t\t\t\t<div class=\"elementor-row\">\n\t\t\t\t\t<div class=\"aux-parallax-section elementor-column elementor-col-50 elementor-top-column elementor-element elementor-element-5152022f aux-why-choose-us\" data-id=\"5152022f\" data-element_type=\"column\">\n\t\t\t<div class=\"elementor-column-wrap elementor-element-populated\">\n\t\t\t\t\t\t\t<div class=\"elementor-widget-wrap\">\n\t\t\t\t\t\t<div class=\"elementor-element elementor-element-763f4531 aux-appear-watch-animation aux-fade-in elementor-widget elementor-widget-aux_modern_heading\" data-id=\"763f4531\" data-element_type=\"widget\" data-widget_type=\"aux_modern_heading.default\">\n\t\t\t\t<div class=\"elementor-widget-container\">\n\t\t\t<section class=\"aux-widget-modern-heading\">\n            <div class=\"aux-widget-inner\"><h1 class=\"aux-modern-heading-primary\">R\u00c9GIMES SP\u00c9CIAUX\n\n<\/h1><div class=\"aux-modern-heading-description\"><p>Nous g\u00e9rons les proc\u00e9dures n\u00e9cessaires pour le rattachement des marchandises aux diff\u00e9rents r\u00e9gimes douaniers, ce qui permet la r\u00e9duction ou l\u2019exon\u00e9ration des droits de douanes en fonction de leur destination finale, restant sous contr\u00f4le douanier jusqu\u2019\u00e0 leur affectation \u00e0 cette destination, ce qui vous fait gagner du temps.<\/p><\/div><\/div>\n        <\/section>\t\t<\/div>\n\t\t\t\t<\/div>\n\t\t\t\t\t\t<\/div>\n\t\t\t\t\t<\/div>\n\t\t<\/div>\n\t\t\t\t<div class=\"aux-parallax-section elementor-column elementor-col-50 elementor-top-column elementor-element elementor-element-625f460 aux--choose elementor-hidden-tablet elementor-hidden-mobile\" data-id=\"625f460\" data-element_type=\"column\">\n\t\t\t<div class=\"elementor-column-wrap elementor-element-populated\">\n\t\t\t\t\t\t\t<div class=\"elementor-widget-wrap\">\n\t\t\t\t\t\t<div class=\"elementor-element elementor-element-50c72f7d aux-appear-watch-animation aux-fade-in elementor-widget elementor-widget-image\" data-id=\"50c72f7d\" data-element_type=\"widget\" data-widget_type=\"image.default\">\n\t\t\t\t<div class=\"elementor-widget-container\">\n\t\t\t\t\t\t\t\t<div class=\"elementor-image\">\n\t\t\t\t\t\t\t\t\t\t\t\t<img decoding=\"async\" width=\"465\" height=\"298\" src=\"https:\/\/www.aduanerasleon.com\/wp-content\/uploads\/2022\/12\/0001_Regimenes-Especiales.jpg\" class=\"attachment-full size-full wp-image-724\" alt=\"\" loading=\"lazy\" srcset=\"https:\/\/www.aduanerasleon.com\/wp-content\/uploads\/2022\/12\/0001_Regimenes-Especiales.jpg 465w, https:\/\/www.aduanerasleon.com\/wp-content\/uploads\/2022\/12\/0001_Regimenes-Especiales-200x128.jpg 200w, https:\/\/www.aduanerasleon.com\/wp-content\/uploads\/2022\/12\/0001_Regimenes-Especiales-280x180.jpg 280w\" sizes=\"(max-width: 465px) 100vw, 465px\" \/>\t\t\t\t\t\t\t\t\t\t\t\t\t\t<\/div>\n\t\t\t\t\t\t<\/div>\n\t\t\t\t<\/div>\n\t\t\t\t\t\t<\/div>\n\t\t\t\t\t<\/div>\n\t\t<\/div>\n\t\t\t\t\t\t\t\t<\/div>\n\t\t\t\t\t<\/div>\n\t\t<\/section>\n\t\t\t\t<section class=\"elementor-section elementor-top-section elementor-element elementor-element-36f1e15f elementor-section-boxed elementor-section-height-default elementor-section-height-default\" data-id=\"36f1e15f\" data-element_type=\"section\" data-settings=\"{&quot;background_background&quot;:&quot;classic&quot;,&quot;_ha_eqh_enable&quot;:false}\">\n\t\t\t\t\t\t<div class=\"elementor-container elementor-column-gap-default\">\n\t\t\t\t\t\t\t<div class=\"elementor-row\">\n\t\t\t\t\t<div class=\"aux-parallax-section elementor-column elementor-col-100 elementor-top-column elementor-element elementor-element-5f0bb5d1\" data-id=\"5f0bb5d1\" data-element_type=\"column\">\n\t\t\t<div class=\"elementor-column-wrap elementor-element-populated\">\n\t\t\t\t\t\t\t<div class=\"elementor-widget-wrap\">\n\t\t\t\t\t\t<div class=\"elementor-element elementor-element-481c6f15 aux-appear-watch-animation aux-fade-in elementor-widget elementor-widget-aux_modern_heading\" data-id=\"481c6f15\" data-element_type=\"widget\" data-widget_type=\"aux_modern_heading.default\">\n\t\t\t\t<div class=\"elementor-widget-container\">\n\t\t\t<section class=\"aux-widget-modern-heading\">\n            <div class=\"aux-widget-inner\"><h2 class=\"aux-modern-heading-primary\">CONTACTEZ-NOUS<\/h2><\/div>\n        <\/section>\t\t<\/div>\n\t\t\t\t<\/div>\n\t\t\t\t<div class=\"elementor-element elementor-element-51e868c1 elementor-widget elementor-widget-wpforms\" data-id=\"51e868c1\" data-element_type=\"widget\" data-widget_type=\"wpforms.default\">\n\t\t\t\t<div class=\"elementor-widget-container\">\n\t\t\t<div class=\"wpforms-container wpforms-container-full\" id=\"wpforms-1339\"><form id=\"wpforms-form-1339\" class=\"wpforms-validate wpforms-form wpforms-ajax-form\" data-formid=\"1339\" method=\"post\" enctype=\"multipart\/form-data\" action=\"\/fr\/wp-json\/wp\/v2\/pages\/1364\" data-token=\"c5714fb5111a199af1fb03eb4ced4c8a\"><noscript class=\"wpforms-error-noscript\">Veuillez activer JavaScript dans votre navigateur pour remplir ce formulaire.<\/noscript><div class=\"wpforms-field-container\"><div id=\"wpforms-1339-field_0-container\" class=\"wpforms-field wpforms-field-name\" data-field-id=\"0\"><input type=\"text\" id=\"wpforms-1339-field_0\" class=\"wpforms-field-large wpforms-field-required\" name=\"wpforms[fields][0]\" placeholder=\"Nom\" required><\/div><div id=\"wpforms-1339-field_4-container\" class=\"wpforms-field wpforms-field-layout\" data-field-id=\"4\"><label class=\"wpforms-field-label wpforms-label-hide\" for=\"wpforms-1339-field_4\">Layout<\/label><div class=\"wpforms-field-layout-columns wpforms-field-layout-preset-50-50\"><div class=\"wpforms-layout-column wpforms-layout-column-50\"><div id=\"wpforms-1339-field_1-container\" class=\"wpforms-field wpforms-field-email\" data-field-id=\"1\"><input type=\"email\" id=\"wpforms-1339-field_1\" class=\"wpforms-field-large wpforms-field-required\" name=\"wpforms[fields][1]\" placeholder=\"Email\" required><\/div><\/div><div class=\"wpforms-layout-column wpforms-layout-column-50\"><div id=\"wpforms-1339-field_3-container\" class=\"wpforms-field wpforms-field-phone\" data-field-id=\"3\"><input type=\"tel\" id=\"wpforms-1339-field_3\" class=\"wpforms-field-large wpforms-smart-phone-field\" data-rule-smart-phone-field=\"true\" name=\"wpforms[fields][3]\" placeholder=\"T\u00e9l\u00e9phone\" ><\/div><\/div><\/div><\/div><div id=\"wpforms-1339-field_5-container\" class=\"wpforms-field wpforms-field-text\" data-field-id=\"5\"><input type=\"text\" id=\"wpforms-1339-field_5\" class=\"wpforms-field-large\" name=\"wpforms[fields][5]\" placeholder=\"Comment pouvons-nous vous aider ?\" ><\/div><div id=\"wpforms-1339-field_6-container\" class=\"wpforms-field wpforms-field-checkbox\" data-field-id=\"6\"><ul id=\"wpforms-1339-field_6\"><li class=\"choice-1 depth-1\"><input type=\"checkbox\" id=\"wpforms-1339-field_6_1\" name=\"wpforms[fields][6][]\" value=\"J&#039;ai lu et j&#039;accepte la &lt;a href=&quot;https:\/\/www.aduanerasleon.com\/fr\/politique-de-confidentialite\/&quot;&gt;politique de confidentialit\u00e9&lt;\/a&gt;\"  ><label class=\"wpforms-field-label-inline\" for=\"wpforms-1339-field_6_1\">J'ai lu et j'accepte la <a href=\"https:\/\/www.aduanerasleon.com\/fr\/politique-de-confidentialite\/\">politique de confidentialit\u00e9<\/a><\/label><\/li><\/ul><\/div><\/div><div class=\"wpforms-submit-container\"><input type=\"hidden\" name=\"wpforms[id]\" value=\"1339\"><input type=\"hidden\" name=\"wpforms[author]\" value=\"1\"><button type=\"submit\" name=\"wpforms[submit]\" id=\"wpforms-submit-1339\" class=\"wpforms-submit\" data-alt-text=\"Envoi...\" data-submit-text=\"Envoyer\" aria-live=\"assertive\" value=\"wpforms-submit\">Envoyer<\/button><img decoding=\"async\" loading=\"lazy\" src=\"https:\/\/www.aduanerasleon.com\/wp-content\/plugins\/wpforms\/assets\/images\/submit-spin.svg\" class=\"wpforms-submit-spinner\" style=\"display: none;\" width=\"26\" height=\"26\" alt=\"Chargement en cours\"><\/div><\/form><\/div>  <!-- .wpforms-container -->\t\t<\/div>\n\t\t\t\t<\/div>\n\t\t\t\t\t\t<\/div>\n\t\t\t\t\t<\/div>\n\t\t<\/div>\n\t\t\t\t\t\t\t\t<\/div>\n\t\t\t\t\t<\/div>\n\t\t<\/section>\n\t\t\t\t<section class=\"elementor-section elementor-top-section elementor-element elementor-element-24a5f809 elementor-section-boxed elementor-section-height-default elementor-section-height-default\" data-id=\"24a5f809\" data-element_type=\"section\" data-settings=\"{&quot;_ha_eqh_enable&quot;:false}\">\n\t\t\t\t\t\t<div class=\"elementor-container elementor-column-gap-no\">\n\t\t\t\t\t\t\t<div class=\"elementor-row\">\n\t\t\t\t\t<div class=\"aux-parallax-section elementor-column elementor-col-100 elementor-top-column elementor-element elementor-element-1eff1506\" data-id=\"1eff1506\" data-element_type=\"column\">\n\t\t\t<div class=\"elementor-column-wrap elementor-element-populated\">\n\t\t\t\t\t\t\t<div class=\"elementor-widget-wrap\">\n\t\t\t\t\t\t<section class=\"elementor-section elementor-inner-section elementor-element elementor-element-6e03524b elementor-section-boxed elementor-section-height-default elementor-section-height-default\" data-id=\"6e03524b\" data-element_type=\"section\" data-settings=\"{&quot;background_background&quot;:&quot;classic&quot;,&quot;_ha_eqh_enable&quot;:false}\">\n\t\t\t\t\t\t<div class=\"elementor-container elementor-column-gap-no\">\n\t\t\t\t\t\t\t<div class=\"elementor-row\">\n\t\t\t\t\t<div class=\"aux-parallax-section elementor-column elementor-col-33 elementor-inner-column elementor-element elementor-element-6cf5d5b6 aux-appear-watch-animation aux-fade-in-right-1\" data-id=\"6cf5d5b6\" data-element_type=\"column\">\n\t\t\t<div class=\"elementor-column-wrap elementor-element-populated\">\n\t\t\t\t\t\t\t<div class=\"elementor-widget-wrap\">\n\t\t\t\t\t\t<div class=\"elementor-element elementor-element-6827b4f7 elementor-icon-list--layout-traditional elementor-list-item-link-full_width elementor-widget elementor-widget-icon-list\" data-id=\"6827b4f7\" data-element_type=\"widget\" data-widget_type=\"icon-list.default\">\n\t\t\t\t<div class=\"elementor-widget-container\">\n\t\t\t\t\t<ul class=\"elementor-icon-list-items\">\n\t\t\t\t\t\t\t<li class=\"elementor-icon-list-item\">\n\t\t\t\t\t\t\t\t\t\t\t<span class=\"elementor-icon-list-icon\">\n\t\t\t\t\t\t\t<i aria-hidden=\"true\" class=\"far fa-window-minimize\"><\/i>\t\t\t\t\t\t<\/span>\n\t\t\t\t\t\t\t\t\t\t<span class=\"elementor-icon-list-text\">T\u00e9l\u00e9phone:<\/span>\n\t\t\t\t\t\t\t\t\t<\/li>\n\t\t\t\t\t\t<\/ul>\n\t\t\t\t<\/div>\n\t\t\t\t<\/div>\n\t\t\t\t<div class=\"elementor-element elementor-element-3a8b276f elementor-icon-list--layout-traditional elementor-list-item-link-full_width elementor-widget elementor-widget-icon-list\" data-id=\"3a8b276f\" data-element_type=\"widget\" data-widget_type=\"icon-list.default\">\n\t\t\t\t<div class=\"elementor-widget-container\">\n\t\t\t\t\t<ul class=\"elementor-icon-list-items\">\n\t\t\t\t\t\t\t<li class=\"elementor-icon-list-item\">\n\t\t\t\t\t\t\t\t\t\t<span class=\"elementor-icon-list-text\">+34 956 746 990 <\/span>\n\t\t\t\t\t\t\t\t\t<\/li>\n\t\t\t\t\t\t<\/ul>\n\t\t\t\t<\/div>\n\t\t\t\t<\/div>\n\t\t\t\t\t\t<\/div>\n\t\t\t\t\t<\/div>\n\t\t<\/div>\n\t\t\t\t<div class=\"aux-parallax-section elementor-column elementor-col-33 elementor-inner-column elementor-element elementor-element-31650b98 aux-appear-watch-animation aux-fade-in-right-1\" data-id=\"31650b98\" data-element_type=\"column\">\n\t\t\t<div class=\"elementor-column-wrap elementor-element-populated\">\n\t\t\t\t\t\t\t<div class=\"elementor-widget-wrap\">\n\t\t\t\t\t\t<div class=\"elementor-element elementor-element-3bf6e108 elementor-tablet-align-left elementor-icon-list--layout-traditional elementor-list-item-link-full_width elementor-widget elementor-widget-icon-list\" data-id=\"3bf6e108\" data-element_type=\"widget\" data-widget_type=\"icon-list.default\">\n\t\t\t\t<div class=\"elementor-widget-container\">\n\t\t\t\t\t<ul class=\"elementor-icon-list-items\">\n\t\t\t\t\t\t\t<li class=\"elementor-icon-list-item\">\n\t\t\t\t\t\t\t\t\t\t\t<span class=\"elementor-icon-list-icon\">\n\t\t\t\t\t\t\t<i aria-hidden=\"true\" class=\"far fa-window-minimize\"><\/i>\t\t\t\t\t\t<\/span>\n\t\t\t\t\t\t\t\t\t\t<span class=\"elementor-icon-list-text\">Adresse:<\/span>\n\t\t\t\t\t\t\t\t\t<\/li>\n\t\t\t\t\t\t<\/ul>\n\t\t\t\t<\/div>\n\t\t\t\t<\/div>\n\t\t\t\t<div class=\"elementor-element elementor-element-5221c55e elementor-widget-tablet__width-initial elementor-icon-list--layout-traditional elementor-list-item-link-full_width elementor-widget elementor-widget-icon-list\" data-id=\"5221c55e\" data-element_type=\"widget\" data-widget_type=\"icon-list.default\">\n\t\t\t\t<div class=\"elementor-widget-container\">\n\t\t\t\t\t<ul class=\"elementor-icon-list-items\">\n\t\t\t\t\t\t\t<li class=\"elementor-icon-list-item\">\n\t\t\t\t\t\t\t\t\t\t<span class=\"elementor-icon-list-text\">C\/ C\u00e1novas del Castillo 12, 3\u00aa planta Algeciras 11201<\/span>\n\t\t\t\t\t\t\t\t\t<\/li>\n\t\t\t\t\t\t<\/ul>\n\t\t\t\t<\/div>\n\t\t\t\t<\/div>\n\t\t\t\t\t\t<\/div>\n\t\t\t\t\t<\/div>\n\t\t<\/div>\n\t\t\t\t<div class=\"aux-parallax-section elementor-column elementor-col-33 elementor-inner-column elementor-element elementor-element-4b64187a aux-appear-watch-animation aux-fade-in-right-1\" data-id=\"4b64187a\" data-element_type=\"column\">\n\t\t\t<div class=\"elementor-column-wrap elementor-element-populated\">\n\t\t\t\t\t\t\t<div class=\"elementor-widget-wrap\">\n\t\t\t\t\t\t<div class=\"elementor-element elementor-element-6ab168b elementor-icon-list--layout-traditional elementor-list-item-link-full_width elementor-widget elementor-widget-icon-list\" data-id=\"6ab168b\" data-element_type=\"widget\" data-widget_type=\"icon-list.default\">\n\t\t\t\t<div class=\"elementor-widget-container\">\n\t\t\t\t\t<ul class=\"elementor-icon-list-items\">\n\t\t\t\t\t\t\t<li class=\"elementor-icon-list-item\">\n\t\t\t\t\t\t\t\t\t\t\t<span class=\"elementor-icon-list-icon\">\n\t\t\t\t\t\t\t<i aria-hidden=\"true\" class=\"far fa-window-minimize\"><\/i>\t\t\t\t\t\t<\/span>\n\t\t\t\t\t\t\t\t\t\t<span class=\"elementor-icon-list-text\">Email:<\/span>\n\t\t\t\t\t\t\t\t\t<\/li>\n\t\t\t\t\t\t<\/ul>\n\t\t\t\t<\/div>\n\t\t\t\t<\/div>\n\t\t\t\t<div class=\"elementor-element elementor-element-8f61d7f elementor-icon-list--layout-traditional elementor-list-item-link-full_width elementor-widget elementor-widget-icon-list\" data-id=\"8f61d7f\" data-element_type=\"widget\" data-widget_type=\"icon-list.default\">\n\t\t\t\t<div class=\"elementor-widget-container\">\n\t\t\t\t\t<ul class=\"elementor-icon-list-items\">\n\t\t\t\t\t\t\t<li class=\"elementor-icon-list-item\">\n\t\t\t\t\t\t\t\t\t\t<span class=\"elementor-icon-list-text\">info@aduanerasleon.com<\/span>\n\t\t\t\t\t\t\t\t\t<\/li>\n\t\t\t\t\t\t<\/ul>\n\t\t\t\t<\/div>\n\t\t\t\t<\/div>\n\t\t\t\t\t\t<\/div>\n\t\t\t\t\t<\/div>\n\t\t<\/div>\n\t\t\t\t\t\t\t\t<\/div>\n\t\t\t\t\t<\/div>\n\t\t<\/section>\n\t\t\t\t\t\t<\/div>\n\t\t\t\t\t<\/div>\n\t\t<\/div>\n\t\t\t\t\t\t\t\t<\/div>\n\t\t\t\t\t<\/div>\n\t\t<\/section>\n\t\t\t\t\t\t\t\t\t<\/div>\n\t\t\t<\/div>\n\t\t\t\t\t<\/div>\n\t\t","protected":false},"excerpt":{"rendered":"<p>R\u00c9GIMES SP\u00c9CIAUX Nous g\u00e9rons les proc\u00e9dures n\u00e9cessaires pour le rattachement des marchandises aux diff\u00e9rents r\u00e9gimes douaniers, ce qui permet la r\u00e9duction ou l\u2019exon\u00e9ration des droits de douanes en fonction de leur destination finale, restant sous contr\u00f4le douanier jusqu\u2019\u00e0 leur affectation \u00e0 cette destination, ce qui vous fait gagner du temps. CONTACTEZ-NOUS T\u00e9l\u00e9phone: +34 956 746 [&hellip;]<\/p>\n","protected":false},"author":1,"featured_media":0,"parent":1320,"menu_order":0,"comment_status":"closed","ping_status":"closed","template":"","meta":[],"yoast_head":"<!-- This site is optimized with the Yoast SEO plugin v20.0 - https:\/\/yoast.com\/wordpress\/plugins\/seo\/ -->\n<title>R\u00e9gimes Sp\u00e9ciaux \u00e0 Algeciras - Declaraciones Aduaneras Leon<\/title>\n<meta name=\"description\" content=\"Nous g\u00e9rons les proc\u00e9dures n\u00e9cessaires pour le rattachement des marchandises aux diff\u00e9rents r\u00e9gimes douaniers\" \/>\n<meta name=\"robots\" content=\"index, follow, max-snippet:-1, max-image-preview:large, max-video-preview:-1\" \/>\n<link rel=\"canonical\" href=\"https:\/\/www.aduanerasleon.com\/fr\/services\/regimes-speciaux-a-algeciras\/\" \/>\n<meta property=\"og:locale\" content=\"fr_FR\" \/>\n<meta property=\"og:type\" content=\"article\" \/>\n<meta property=\"og:title\" content=\"R\u00e9gimes Sp\u00e9ciaux \u00e0 Algeciras - Declaraciones Aduaneras Leon\" \/>\n<meta property=\"og:description\" content=\"Nous g\u00e9rons les proc\u00e9dures n\u00e9cessaires pour le rattachement des marchandises aux diff\u00e9rents r\u00e9gimes douaniers\" \/>\n<meta property=\"og:url\" content=\"https:\/\/www.aduanerasleon.com\/fr\/services\/regimes-speciaux-a-algeciras\/\" \/>\n<meta property=\"og:site_name\" content=\"Declaraciones Aduaneras Leon\" \/>\n<meta property=\"article:modified_time\" content=\"2023-02-08T17:30:03+00:00\" \/>\n<meta property=\"og:image\" content=\"https:\/\/www.aduanerasleon.com\/wp-content\/uploads\/2022\/12\/0001_Regimenes-Especiales.jpg\" \/>\n<meta name=\"twitter:card\" content=\"summary_large_image\" \/>\n<meta name=\"twitter:label1\" content=\"Dur\u00e9e de lecture estim\u00e9e\" \/>\n\t<meta name=\"twitter:data1\" content=\"1 minute\" \/>\n<script type=\"application\/ld+json\" class=\"yoast-schema-graph\">{\"@context\":\"https:\/\/schema.org\",\"@graph\":[{\"@type\":\"WebPage\",\"@id\":\"https:\/\/www.aduanerasleon.com\/fr\/services\/regimes-speciaux-a-algeciras\/\",\"url\":\"https:\/\/www.aduanerasleon.com\/fr\/services\/regimes-speciaux-a-algeciras\/\",\"name\":\"R\u00e9gimes Sp\u00e9ciaux \u00e0 Algeciras - Declaraciones Aduaneras Leon\",\"isPartOf\":{\"@id\":\"https:\/\/www.aduanerasleon.com\/fr\/#website\"},\"datePublished\":\"2022-12-13T12:30:27+00:00\",\"dateModified\":\"2023-02-08T17:30:03+00:00\",\"description\":\"Nous g\u00e9rons les proc\u00e9dures n\u00e9cessaires pour le rattachement des marchandises aux diff\u00e9rents r\u00e9gimes douaniers\",\"breadcrumb\":{\"@id\":\"https:\/\/www.aduanerasleon.com\/fr\/services\/regimes-speciaux-a-algeciras\/#breadcrumb\"},\"inLanguage\":\"fr-FR\",\"potentialAction\":[{\"@type\":\"ReadAction\",\"target\":[\"https:\/\/www.aduanerasleon.com\/fr\/services\/regimes-speciaux-a-algeciras\/\"]}]},{\"@type\":\"BreadcrumbList\",\"@id\":\"https:\/\/www.aduanerasleon.com\/fr\/services\/regimes-speciaux-a-algeciras\/#breadcrumb\",\"itemListElement\":[{\"@type\":\"ListItem\",\"position\":1,\"name\":\"Portada\",\"item\":\"https:\/\/www.aduanerasleon.com\/fr\/\"},{\"@type\":\"ListItem\",\"position\":2,\"name\":\"Services\",\"item\":\"https:\/\/www.aduanerasleon.com\/fr\/services\/\"},{\"@type\":\"ListItem\",\"position\":3,\"name\":\"R\u00e9gimes Sp\u00e9ciaux \u00e0 Algeciras\"}]},{\"@type\":\"WebSite\",\"@id\":\"https:\/\/www.aduanerasleon.com\/fr\/#website\",\"url\":\"https:\/\/www.aduanerasleon.com\/fr\/\",\"name\":\"Declaraciones Aduaneras Leon\",\"description\":\"Aduanas y Transportes\",\"publisher\":{\"@id\":\"https:\/\/www.aduanerasleon.com\/fr\/#organization\"},\"potentialAction\":[{\"@type\":\"SearchAction\",\"target\":{\"@type\":\"EntryPoint\",\"urlTemplate\":\"https:\/\/www.aduanerasleon.com\/fr\/?s={search_term_string}\"},\"query-input\":\"required name=search_term_string\"}],\"inLanguage\":\"fr-FR\"},{\"@type\":\"Organization\",\"@id\":\"https:\/\/www.aduanerasleon.com\/fr\/#organization\",\"name\":\"Declaraciones Aduaneras Leon\",\"url\":\"https:\/\/www.aduanerasleon.com\/fr\/\",\"logo\":{\"@type\":\"ImageObject\",\"inLanguage\":\"fr-FR\",\"@id\":\"https:\/\/www.aduanerasleon.com\/fr\/#\/schema\/logo\/image\/\",\"url\":\"https:\/\/www.aduanerasleon.com\/wp-content\/uploads\/2022\/11\/cropped-Logo-Aduaneras-Leon.png\",\"contentUrl\":\"https:\/\/www.aduanerasleon.com\/wp-content\/uploads\/2022\/11\/cropped-Logo-Aduaneras-Leon.png\",\"width\":300,\"height\":140,\"caption\":\"Declaraciones Aduaneras Leon\"},\"image\":{\"@id\":\"https:\/\/www.aduanerasleon.com\/fr\/#\/schema\/logo\/image\/\"}}]}<\/script>\n<!-- \/ Yoast SEO plugin. -->","yoast_head_json":{"title":"R\u00e9gimes Sp\u00e9ciaux \u00e0 Algeciras - Declaraciones Aduaneras Leon","description":"Nous g\u00e9rons les proc\u00e9dures n\u00e9cessaires pour le rattachement des marchandises aux diff\u00e9rents r\u00e9gimes douaniers","robots":{"index":"index","follow":"follow","max-snippet":"max-snippet:-1","max-image-preview":"max-image-preview:large","max-video-preview":"max-video-preview:-1"},"canonical":"https:\/\/www.aduanerasleon.com\/fr\/services\/regimes-speciaux-a-algeciras\/","og_locale":"fr_FR","og_type":"article","og_title":"R\u00e9gimes Sp\u00e9ciaux \u00e0 Algeciras - Declaraciones Aduaneras Leon","og_description":"Nous g\u00e9rons les proc\u00e9dures n\u00e9cessaires pour le rattachement des marchandises aux diff\u00e9rents r\u00e9gimes douaniers","og_url":"https:\/\/www.aduanerasleon.com\/fr\/services\/regimes-speciaux-a-algeciras\/","og_site_name":"Declaraciones Aduaneras Leon","article_modified_time":"2023-02-08T17:30:03+00:00","og_image":[{"url":"https:\/\/www.aduanerasleon.com\/wp-content\/uploads\/2022\/12\/0001_Regimenes-Especiales.jpg"}],"twitter_card":"summary_large_image","twitter_misc":{"Dur\u00e9e de lecture estim\u00e9e":"1 minute"},"schema":{"@context":"https:\/\/schema.org","@graph":[{"@type":"WebPage","@id":"https:\/\/www.aduanerasleon.com\/fr\/services\/regimes-speciaux-a-algeciras\/","url":"https:\/\/www.aduanerasleon.com\/fr\/services\/regimes-speciaux-a-algeciras\/","name":"R\u00e9gimes Sp\u00e9ciaux \u00e0 Algeciras - Declaraciones Aduaneras Leon","isPartOf":{"@id":"https:\/\/www.aduanerasleon.com\/fr\/#website"},"datePublished":"2022-12-13T12:30:27+00:00","dateModified":"2023-02-08T17:30:03+00:00","description":"Nous g\u00e9rons les proc\u00e9dures n\u00e9cessaires pour le rattachement des marchandises aux diff\u00e9rents r\u00e9gimes douaniers","breadcrumb":{"@id":"https:\/\/www.aduanerasleon.com\/fr\/services\/regimes-speciaux-a-algeciras\/#breadcrumb"},"inLanguage":"fr-FR","potentialAction":[{"@type":"ReadAction","target":["https:\/\/www.aduanerasleon.com\/fr\/services\/regimes-speciaux-a-algeciras\/"]}]},{"@type":"BreadcrumbList","@id":"https:\/\/www.aduanerasleon.com\/fr\/services\/regimes-speciaux-a-algeciras\/#breadcrumb","itemListElement":[{"@type":"ListItem","position":1,"name":"Portada","item":"https:\/\/www.aduanerasleon.com\/fr\/"},{"@type":"ListItem","position":2,"name":"Services","item":"https:\/\/www.aduanerasleon.com\/fr\/services\/"},{"@type":"ListItem","position":3,"name":"R\u00e9gimes Sp\u00e9ciaux \u00e0 Algeciras"}]},{"@type":"WebSite","@id":"https:\/\/www.aduanerasleon.com\/fr\/#website","url":"https:\/\/www.aduanerasleon.com\/fr\/","name":"Declaraciones Aduaneras Leon","description":"Aduanas y Transportes","publisher":{"@id":"https:\/\/www.aduanerasleon.com\/fr\/#organization"},"potentialAction":[{"@type":"SearchAction","target":{"@type":"EntryPoint","urlTemplate":"https:\/\/www.aduanerasleon.com\/fr\/?s={search_term_string}"},"query-input":"required name=search_term_string"}],"inLanguage":"fr-FR"},{"@type":"Organization","@id":"https:\/\/www.aduanerasleon.com\/fr\/#organization","name":"Declaraciones Aduaneras Leon","url":"https:\/\/www.aduanerasleon.com\/fr\/","logo":{"@type":"ImageObject","inLanguage":"fr-FR","@id":"https:\/\/www.aduanerasleon.com\/fr\/#\/schema\/logo\/image\/","url":"https:\/\/www.aduanerasleon.com\/wp-content\/uploads\/2022\/11\/cropped-Logo-Aduaneras-Leon.png","contentUrl":"https:\/\/www.aduanerasleon.com\/wp-content\/uploads\/2022\/11\/cropped-Logo-Aduaneras-Leon.png","width":300,"height":140,"caption":"Declaraciones Aduaneras Leon"},"image":{"@id":"https:\/\/www.aduanerasleon.com\/fr\/#\/schema\/logo\/image\/"}}]}},"_links":{"self":[{"href":"https:\/\/www.aduanerasleon.com\/fr\/wp-json\/wp\/v2\/pages\/1364"}],"collection":[{"href":"https:\/\/www.aduanerasleon.com\/fr\/wp-json\/wp\/v2\/pages"}],"about":[{"href":"https:\/\/www.aduanerasleon.com\/fr\/wp-json\/wp\/v2\/types\/page"}],"author":[{"embeddable":true,"href":"https:\/\/www.aduanerasleon.com\/fr\/wp-json\/wp\/v2\/users\/1"}],"replies":[{"embeddable":true,"href":"https:\/\/www.aduanerasleon.com\/fr\/wp-json\/wp\/v2\/comments?post=1364"}],"version-history":[{"count":18,"href":"https:\/\/www.aduanerasleon.com\/fr\/wp-json\/wp\/v2\/pages\/1364\/revisions"}],"predecessor-version":[{"id":1823,"href":"https:\/\/www.aduanerasleon.com\/fr\/wp-json\/wp\/v2\/pages\/1364\/revisions\/1823"}],"up":[{"embeddable":true,"href":"https:\/\/www.aduanerasleon.com\/fr\/wp-json\/wp\/v2\/pages\/1320"}],"wp:attachment":[{"href":"https:\/\/www.aduanerasleon.com\/fr\/wp-json\/wp\/v2\/media?parent=1364"}],"curies":[{"name":"wp","href":"https:\/\/api.w.org\/{rel}","templated":true}]}}